{"id":1031,"date":"2025-04-04T13:41:33","date_gmt":"2025-04-04T20:41:33","guid":{"rendered":"https:\/\/probation.venturacounty.gov\/?page_id=1031"},"modified":"2026-04-08T11:22:55","modified_gmt":"2026-04-08T18:22:55","slug":"home-new","status":"publish","type":"page","link":"https:\/\/probation.venturacounty.gov\/es\/","title":{"rendered":"Inicio Nuevo"},"content":{"rendered":"<div data-elementor-type=\"wp-page\" data-elementor-id=\"1031\" class=\"elementor elementor-1031\" data-elementor-post-type=\"page\">\n\t\t\t\t<div class=\"elementor-element elementor-element-560fafd e-flex e-con-boxed e-con e-parent\" data-id=\"560fafd\" data-element_type=\"container\" data-e-type=\"container\" data-settings=\"{&quot;background_background&quot;:&quot;classic&quot;,&quot;jet_parallax_layout_list&quot;:[]}\">\n\t\t\t\t\t<div class=\"e-con-inner\">\n\t\t<div class=\"elementor-element elementor-element-1dc9fd6 e-con-full elementor-hidden-tablet elementor-hidden-mobile e-flex e-con e-child\" data-id=\"1dc9fd6\" data-element_type=\"container\" data-e-type=\"container\" data-settings=\"{&quot;jet_parallax_layout_list&quot;:[]}\">\n\t\t\t\t<div class=\"elementor-element elementor-element-6b90184 elementor-widget elementor-widget-text-editor\" data-id=\"6b90184\" data-element_type=\"widget\" data-e-type=\"widget\" data-widget_type=\"text-editor.default\">\n\t\t\t\t<div class=\"elementor-widget-container\">\n\t\t\t\t\t\t\t\t\t<p>Transformando y empoderando vidas para construir una comunidad fuerte<\/p>\t\t\t\t\t\t\t\t<\/div>\n\t\t\t\t<\/div>\n\t\t\t\t<div class=\"elementor-element elementor-element-84e86fe elementor-align-center elementor-widget elementor-widget-button\" data-id=\"84e86fe\" data-element_type=\"widget\" data-e-type=\"widget\" data-widget_type=\"button.default\">\n\t\t\t\t<div class=\"elementor-widget-container\">\n\t\t\t\t\t\t\t\t\t<div class=\"elementor-button-wrapper\">\n\t\t\t\t\t<a class=\"elementor-button elementor-button-link elementor-size-sm\" href=\"#Top\">\n\t\t\t\t\t\t<span class=\"elementor-button-content-wrapper\">\n\t\t\t\t\t\t\t\t\t<span class=\"elementor-button-text\">Haga clic para m\u00e1s informaci\u00f3n<\/span>\n\t\t\t\t\t<\/span>\n\t\t\t\t\t<\/a>\n\t\t\t\t<\/div>\n\t\t\t\t\t\t\t\t<\/div>\n\t\t\t\t<\/div>\n\t\t\t\t<div class=\"elementor-element elementor-element-619add1 elementor-widget elementor-widget-menu-anchor\" data-id=\"619add1\" data-element_type=\"widget\" data-e-type=\"widget\" data-widget_type=\"menu-anchor.default\">\n\t\t\t\t<div class=\"elementor-widget-container\">\n\t\t\t\t\t\t\t<div class=\"elementor-menu-anchor\" id=\"Top\"><\/div>\n\t\t\t\t\t\t<\/div>\n\t\t\t\t<\/div>\n\t\t\t\t<\/div>\n\t\t\t\t\t<\/div>\n\t\t\t\t<\/div>\n\t\t<div class=\"elementor-element elementor-element-6144013 e-flex e-con-boxed e-con e-parent\" data-id=\"6144013\" data-element_type=\"container\" data-e-type=\"container\" data-settings=\"{&quot;background_background&quot;:&quot;classic&quot;,&quot;jet_parallax_layout_list&quot;:[]}\">\n\t\t\t\t\t<div class=\"e-con-inner\">\n\t\t<div class=\"elementor-element elementor-element-01006b7 e-grid e-con-boxed e-con e-child\" data-id=\"01006b7\" data-element_type=\"container\" data-e-type=\"container\" data-settings=\"{&quot;jet_parallax_layout_list&quot;:[]}\">\n\t\t\t\t\t<div class=\"e-con-inner\">\n\t\t<a class=\"elementor-element elementor-element-f7d2e95 e-flex e-con-boxed elementor-invisible e-con e-child\" data-id=\"f7d2e95\" data-element_type=\"container\" data-e-type=\"container\" data-settings=\"{&quot;background_background&quot;:&quot;classic&quot;,&quot;jet_parallax_layout_list&quot;:[],&quot;animation&quot;:&quot;fadeInUp&quot;}\" href=\"https:\/\/probation.venturacounty.gov\/es\/adult-services\/\">\n\t\t\t\t\t<div class=\"e-con-inner\">\n\t\t\t\t<div class=\"elementor-element elementor-element-9bc5843 elementor-widget elementor-widget-heading\" data-id=\"9bc5843\" data-element_type=\"widget\" data-e-type=\"widget\" data-widget_type=\"heading.default\">\n\t\t\t\t<div class=\"elementor-widget-container\">\n\t\t\t\t\t<h3 class=\"elementor-heading-title elementor-size-default\">Servicios de campo<\/h3>\t\t\t\t<\/div>\n\t\t\t\t<\/div>\n\t\t\t\t\t<\/div>\n\t\t\t\t<\/a>\n\t\t<a class=\"elementor-element elementor-element-a6e2b36 e-flex e-con-boxed elementor-invisible e-con e-child\" data-id=\"a6e2b36\" data-element_type=\"container\" data-e-type=\"container\" data-settings=\"{&quot;background_background&quot;:&quot;classic&quot;,&quot;jet_parallax_layout_list&quot;:[],&quot;animation&quot;:&quot;fadeInUp&quot;}\" href=\"https:\/\/probation.venturacounty.gov\/es\/juvenile-services\/\">\n\t\t\t\t\t<div class=\"e-con-inner\">\n\t\t\t\t<div class=\"elementor-element elementor-element-ea75f45 elementor-widget elementor-widget-heading\" data-id=\"ea75f45\" data-element_type=\"widget\" data-e-type=\"widget\" data-widget_type=\"heading.default\">\n\t\t\t\t<div class=\"elementor-widget-container\">\n\t\t\t\t\t<h3 class=\"elementor-heading-title elementor-size-default\">SERVICIOS MENORES<\/h3>\t\t\t\t<\/div>\n\t\t\t\t<\/div>\n\t\t\t\t\t<\/div>\n\t\t\t\t<\/a>\n\t\t<a class=\"elementor-element elementor-element-9983215 e-flex e-con-boxed elementor-invisible e-con e-child\" data-id=\"9983215\" data-element_type=\"container\" data-e-type=\"container\" data-settings=\"{&quot;background_background&quot;:&quot;classic&quot;,&quot;jet_parallax_layout_list&quot;:[],&quot;animation&quot;:&quot;fadeInUp&quot;}\" href=\"https:\/\/probation.venturacounty.gov\/es\/resources\/\">\n\t\t\t\t\t<div class=\"e-con-inner\">\n\t\t\t\t<div class=\"elementor-element elementor-element-6c04e01 elementor-widget elementor-widget-heading\" data-id=\"6c04e01\" data-element_type=\"widget\" data-e-type=\"widget\" data-widget_type=\"heading.default\">\n\t\t\t\t<div class=\"elementor-widget-container\">\n\t\t\t\t\t<h3 class=\"elementor-heading-title elementor-size-default\">Recursos<\/h3>\t\t\t\t<\/div>\n\t\t\t\t<\/div>\n\t\t\t\t\t<\/div>\n\t\t\t\t<\/a>\n\t\t<a class=\"elementor-element elementor-element-3b650e6 e-con-full e-flex elementor-invisible e-con e-child\" data-id=\"3b650e6\" data-element_type=\"container\" data-e-type=\"container\" data-settings=\"{&quot;background_background&quot;:&quot;classic&quot;,&quot;jet_parallax_layout_list&quot;:[],&quot;animation&quot;:&quot;fadeInUp&quot;}\" href=\"https:\/\/joinprobation.venturacounty.gov\/\">\n\t\t\t\t<div class=\"elementor-element elementor-element-c96c9bf elementor-widget elementor-widget-heading\" data-id=\"c96c9bf\" data-element_type=\"widget\" data-e-type=\"widget\" data-widget_type=\"heading.default\">\n\t\t\t\t<div class=\"elementor-widget-container\">\n\t\t\t\t\t<h3 class=\"elementor-heading-title elementor-size-default\">Oportunidades de empleo<\/h3>\t\t\t\t<\/div>\n\t\t\t\t<\/div>\n\t\t\t\t<\/a>\n\t\t<a class=\"elementor-element elementor-element-815bbd3 e-con-full e-flex elementor-invisible e-con e-child\" data-id=\"815bbd3\" data-element_type=\"container\" data-e-type=\"container\" data-settings=\"{&quot;background_background&quot;:&quot;classic&quot;,&quot;jet_parallax_layout_list&quot;:[],&quot;animation&quot;:&quot;fadeInUp&quot;}\" href=\"https:\/\/probation.venturacounty.gov\/es\/public-meetings\/\">\n\t\t\t\t<div class=\"elementor-element elementor-element-23b29df elementor-widget elementor-widget-heading\" data-id=\"23b29df\" data-element_type=\"widget\" data-e-type=\"widget\" data-widget_type=\"heading.default\">\n\t\t\t\t<div class=\"elementor-widget-container\">\n\t\t\t\t\t<h3 class=\"elementor-heading-title elementor-size-default\">Reuniones p\u00fablicas<\/h3>\t\t\t\t<\/div>\n\t\t\t\t<\/div>\n\t\t\t\t<\/a>\n\t\t\t\t\t<\/div>\n\t\t\t\t<\/div>\n\t\t\t\t\t<\/div>\n\t\t\t\t<\/div>\n\t\t<div class=\"elementor-element elementor-element-5df1b21 e-flex e-con-boxed e-con e-parent\" data-id=\"5df1b21\" data-element_type=\"container\" data-e-type=\"container\" data-settings=\"{&quot;jet_parallax_layout_list&quot;:[],&quot;background_background&quot;:&quot;classic&quot;}\">\n\t\t\t\t\t<div class=\"e-con-inner\">\n\t\t\t\t<div class=\"elementor-element elementor-element-9167e84 elementor-widget elementor-widget-heading\" data-id=\"9167e84\" data-element_type=\"widget\" data-e-type=\"widget\" data-settings=\"{&quot;_animation&quot;:&quot;none&quot;}\" data-widget_type=\"heading.default\">\n\t\t\t\t<div class=\"elementor-widget-container\">\n\t\t\t\t\t<h1 class=\"elementor-heading-title elementor-size-default\">Mensaje del jefe<\/h1>\t\t\t\t<\/div>\n\t\t\t\t<\/div>\n\t\t<div class=\"elementor-element elementor-element-036c0f9 e-flex e-con-boxed e-con e-child\" data-id=\"036c0f9\" data-element_type=\"container\" data-e-type=\"container\" data-settings=\"{&quot;jet_parallax_layout_list&quot;:[]}\">\n\t\t\t\t\t<div class=\"e-con-inner\">\n\t\t<div class=\"elementor-element elementor-element-a518e5d e-flex e-con-boxed e-con e-child\" data-id=\"a518e5d\" data-element_type=\"container\" data-e-type=\"container\" data-settings=\"{&quot;jet_parallax_layout_list&quot;:[],&quot;animation&quot;:&quot;none&quot;,&quot;animation_delay&quot;:&quot;700&quot;}\">\n\t\t\t\t\t<div class=\"e-con-inner\">\n\t\t\t\t<div class=\"elementor-element elementor-element-1e00b71 elementor-widget elementor-widget-text-editor\" data-id=\"1e00b71\" data-element_type=\"widget\" data-e-type=\"widget\" data-settings=\"{&quot;_animation&quot;:&quot;none&quot;}\" data-widget_type=\"text-editor.default\">\n\t\t\t\t<div class=\"elementor-widget-container\">\n\t\t\t\t\t\t\t\t\t<p><strong>Bienvenido a la Agencia de Libertad Condicional del Condado de Ventura.<\/strong><\/p><p>Nuestra misi\u00f3n se basa en un firme compromiso con la promoci\u00f3n de la seguridad comunitaria, la defensa de la justicia y el desarrollo personal. Nuestro equipo de profesionales dedicados trabaja incansablemente para mejorar la seguridad p\u00fablica, apoyar al sistema judicial, defender a las v\u00edctimas y guiar a las personas hacia la rehabilitaci\u00f3n y un cambio significativo. Nos enorgullece colaborar con las fuerzas del orden, los servicios sociales, los profesionales de la salud mental y una diversa red de organizaciones comunitarias para lograr estos objetivos. Es un privilegio servir al Condado de Ventura con integridad, compasi\u00f3n y una dedicaci\u00f3n inquebrantable. Lo invitamos a explorar nuestro sitio web para descubrir la impactante labor de la Agencia de Libertad Condicional del Condado de Ventura. Si nuestra misi\u00f3n le identifica, considere unirse a nuestro equipo para marcar la diferencia en nuestra comunidad.<\/p>\t\t\t\t\t\t\t\t<\/div>\n\t\t\t\t<\/div>\n\t\t\t\t<div class=\"elementor-element elementor-element-b2e4fb8 elementor-widget elementor-widget-heading\" data-id=\"b2e4fb8\" data-element_type=\"widget\" data-e-type=\"widget\" data-settings=\"{&quot;_animation&quot;:&quot;none&quot;}\" data-widget_type=\"heading.default\">\n\t\t\t\t<div class=\"elementor-widget-container\">\n\t\t\t\t\t<p class=\"elementor-heading-title elementor-size-default\">Ronald Miller II<\/p>\t\t\t\t<\/div>\n\t\t\t\t<\/div>\n\t\t\t\t<div class=\"elementor-element elementor-element-a253d12 elementor-widget elementor-widget-heading\" data-id=\"a253d12\" data-element_type=\"widget\" data-e-type=\"widget\" data-widget_type=\"heading.default\">\n\t\t\t\t<div class=\"elementor-widget-container\">\n\t\t\t\t\t<p class=\"elementor-heading-title elementor-size-default\">Director de libertad condicional<\/p>\t\t\t\t<\/div>\n\t\t\t\t<\/div>\n\t\t\t\t\t<\/div>\n\t\t\t\t<\/div>\n\t\t<div class=\"elementor-element elementor-element-4d21370 e-flex e-con-boxed e-con e-child\" data-id=\"4d21370\" data-element_type=\"container\" data-e-type=\"container\" data-settings=\"{&quot;jet_parallax_layout_list&quot;:[]}\">\n\t\t\t\t\t<div class=\"e-con-inner\">\n\t\t\t\t<div class=\"elementor-element elementor-element-1a88714 elementor-widget elementor-widget-image\" data-id=\"1a88714\" data-element_type=\"widget\" data-e-type=\"widget\" data-settings=\"{&quot;_animation&quot;:&quot;none&quot;}\" data-widget_type=\"image.default\">\n\t\t\t\t<div class=\"elementor-widget-container\">\n\t\t\t\t\t\t\t\t\t\t\t\t\t\t\t<img fetchpriority=\"high\" decoding=\"async\" width=\"800\" height=\"949\" src=\"https:\/\/probation.venturacounty.gov\/wp-content\/uploads\/2026\/03\/Miller-2025-2-1024x1215.jpg\" class=\"attachment-large size-large wp-image-1202\" alt=\"\" srcset=\"https:\/\/probation.venturacounty.gov\/wp-content\/uploads\/2026\/03\/Miller-2025-2-1024x1215.jpg 1024w, https:\/\/probation.venturacounty.gov\/wp-content\/uploads\/2026\/03\/Miller-2025-2-480x570.jpg 480w, https:\/\/probation.venturacounty.gov\/wp-content\/uploads\/2026\/03\/Miller-2025-2-768x911.jpg 768w, https:\/\/probation.venturacounty.gov\/wp-content\/uploads\/2026\/03\/Miller-2025-2-1295x1536.jpg 1295w, https:\/\/probation.venturacounty.gov\/wp-content\/uploads\/2026\/03\/Miller-2025-2-1726x2048.jpg 1726w, https:\/\/probation.venturacounty.gov\/wp-content\/uploads\/2026\/03\/Miller-2025-2-10x12.jpg 10w, https:\/\/probation.venturacounty.gov\/wp-content\/uploads\/2026\/03\/Miller-2025-2.jpg 2048w\" sizes=\"(max-width: 800px) 100vw, 800px\" \/>\t\t\t\t\t\t\t\t\t\t\t\t\t\t\t<\/div>\n\t\t\t\t<\/div>\n\t\t\t\t\t<\/div>\n\t\t\t\t<\/div>\n\t\t\t\t\t<\/div>\n\t\t\t\t<\/div>\n\t\t\t\t\t<\/div>\n\t\t\t\t<\/div>\n\t\t\t\t<\/div>","protected":false},"excerpt":{"rendered":"<p>Transforming and empowering lives to build a strong community Click for more Field Services JUVENILE SERVICES Resources Employment Opportunities Public Meetings Message from the Chief Welcome to the Ventura County [&hellip;]<\/p>\n","protected":false},"author":7,"featured_media":0,"parent":0,"menu_order":0,"comment_status":"closed","ping_status":"closed","template":"","meta":{"footnotes":""},"class_list":["post-1031","page","type-page","status-publish","hentry"],"_links":{"self":[{"href":"https:\/\/probation.venturacounty.gov\/es\/wp-json\/wp\/v2\/pages\/1031","targetHints":{"allow":["GET"]}}],"collection":[{"href":"https:\/\/probation.venturacounty.gov\/es\/wp-json\/wp\/v2\/pages"}],"about":[{"href":"https:\/\/probation.venturacounty.gov\/es\/wp-json\/wp\/v2\/types\/page"}],"author":[{"embeddable":true,"href":"https:\/\/probation.venturacounty.gov\/es\/wp-json\/wp\/v2\/users\/7"}],"replies":[{"embeddable":true,"href":"https:\/\/probation.venturacounty.gov\/es\/wp-json\/wp\/v2\/comments?post=1031"}],"version-history":[{"count":0,"href":"https:\/\/probation.venturacounty.gov\/es\/wp-json\/wp\/v2\/pages\/1031\/revisions"}],"wp:attachment":[{"href":"https:\/\/probation.venturacounty.gov\/es\/wp-json\/wp\/v2\/media?parent=1031"}],"curies":[{"name":"gracias","href":"https:\/\/api.w.org\/{rel}","templated":true}]}}