{"id":170,"date":"2024-05-08T11:53:12","date_gmt":"2024-05-08T18:53:12","guid":{"rendered":"https:\/\/probation.venturacounty.gov\/?page_id=170"},"modified":"2026-05-05T12:34:27","modified_gmt":"2026-05-05T19:34:27","slug":"juvenile-services","status":"publish","type":"page","link":"https:\/\/probation.venturacounty.gov\/es\/juvenile-services\/","title":{"rendered":"Servicios Juveniles"},"content":{"rendered":"<div data-elementor-type=\"wp-page\" data-elementor-id=\"170\" class=\"elementor elementor-170\" data-elementor-post-type=\"page\">\n\t\t\t\t<div class=\"elementor-element elementor-element-5df1b21 e-flex e-con-boxed e-con e-parent\" data-id=\"5df1b21\" data-element_type=\"container\" data-e-type=\"container\" data-settings=\"{&quot;jet_parallax_layout_list&quot;:[],&quot;background_background&quot;:&quot;classic&quot;}\">\n\t\t\t\t\t<div class=\"e-con-inner\">\n\t\t\t\t<div class=\"elementor-element elementor-element-9167e84 elementor-widget elementor-widget-heading\" data-id=\"9167e84\" data-element_type=\"widget\" data-e-type=\"widget\" data-settings=\"{&quot;_animation&quot;:&quot;none&quot;}\" data-widget_type=\"heading.default\">\n\t\t\t\t<div class=\"elementor-widget-container\">\n\t\t\t\t\t<h1 class=\"elementor-heading-title elementor-size-default\">Acerca de los servicios juveniles<\/h1>\t\t\t\t<\/div>\n\t\t\t\t<\/div>\n\t\t\t\t<div class=\"elementor-element elementor-element-1c31d4a elementor-widget elementor-widget-heading\" data-id=\"1c31d4a\" data-element_type=\"widget\" data-e-type=\"widget\" data-settings=\"{&quot;_animation&quot;:&quot;none&quot;}\" data-widget_type=\"heading.default\">\n\t\t\t\t<div class=\"elementor-widget-container\">\n\t\t\t\t\t<h4 class=\"elementor-heading-title elementor-size-default\">Tipos de libertad condicional<\/h4>\t\t\t\t<\/div>\n\t\t\t\t<\/div>\n\t\t<div class=\"elementor-element elementor-element-036c0f9 e-flex e-con-boxed e-con e-child\" data-id=\"036c0f9\" data-element_type=\"container\" data-e-type=\"container\" data-settings=\"{&quot;jet_parallax_layout_list&quot;:[]}\">\n\t\t\t\t\t<div class=\"e-con-inner\">\n\t\t<div class=\"elementor-element elementor-element-a518e5d e-flex e-con-boxed e-con e-child\" data-id=\"a518e5d\" data-element_type=\"container\" data-e-type=\"container\" data-settings=\"{&quot;jet_parallax_layout_list&quot;:[],&quot;animation&quot;:&quot;none&quot;,&quot;animation_delay&quot;:&quot;700&quot;}\">\n\t\t\t\t\t<div class=\"e-con-inner\">\n\t\t\t\t<div class=\"elementor-element elementor-element-61fc044 elementor-widget elementor-widget-text-editor\" data-id=\"61fc044\" data-element_type=\"widget\" data-e-type=\"widget\" data-widget_type=\"text-editor.default\">\n\t\t\t\t<div class=\"elementor-widget-container\">\n\t\t\t\t\t\t\t\t\t<p><img fetchpriority=\"high\" decoding=\"async\" class=\"size-medium wp-image-464 alignright\" src=\"https:\/\/probation.venturacounty.gov\/wp-content\/uploads\/2024\/06\/IMG_0331-1-480x269.jpg\" alt=\"\" width=\"480\" height=\"269\" srcset=\"https:\/\/probation.venturacounty.gov\/wp-content\/uploads\/2024\/06\/IMG_0331-1-480x269.jpg 480w, https:\/\/probation.venturacounty.gov\/wp-content\/uploads\/2024\/06\/IMG_0331-1-1024x575.jpg 1024w, https:\/\/probation.venturacounty.gov\/wp-content\/uploads\/2024\/06\/IMG_0331-1-768x431.jpg 768w, https:\/\/probation.venturacounty.gov\/wp-content\/uploads\/2024\/06\/IMG_0331-1-1536x862.jpg 1536w, https:\/\/probation.venturacounty.gov\/wp-content\/uploads\/2024\/06\/IMG_0331-1-2048x1150.jpg 2048w\" sizes=\"(max-width: 480px) 100vw, 480px\" \/>El C\u00f3digo de Bienestar e Instituciones (WIC) son las leyes, normas y reglamentos relacionados con los j\u00f3venes. La diferencia destacada entre los siguientes tipos de libertad condicional es la no tutela frente a la tutela. La libertad condicional bajo tutela significa que el tribunal tiene jurisdicci\u00f3n sobre los j\u00f3venes que cometen delitos entre las edades de 12 y 17 a\u00f1os. Esto significa que el tribunal puede asumir la responsabilidad principal de la rehabilitaci\u00f3n y el tratamiento de un joven y puede mantener la jurisdicci\u00f3n hasta la edad de 21 a\u00f1os. Adem\u00e1s, la libertad condicional bajo tutela le permite sacar a un joven de su hogar si es necesario.<\/p><ul class=\"list\"><li>654 WIC \u2013\u00a0<strong>Libertad condicional informal\/desv\u00edo<\/strong>El Departamento de Libertad Condicional ha determinado que el joven podr\u00eda beneficiarse de los servicios. Este acuerdo es voluntario \u00fanicamente entre el agente de libertad condicional, el joven y sus padres. El joven podr\u00eda ser puesto en libertad condicional informal por hasta seis meses. Si cumple con sus obligaciones, el caso se cierra. Si no cumple con sus obligaciones, el Departamento de Libertad Condicional puede remitir el caso a la Fiscal\u00eda para que presente una petici\u00f3n formal ante el Tribunal de Menores.<\/li><li>654.2 WIC \u2013\u00a0<strong>Libertad condicional informal<\/strong>La Fiscal\u00eda ha presentado una petici\u00f3n formal ante el Tribunal de Menores. Sin embargo, el Tribunal ha decidido que, en lugar de proseguir con el asunto, el caso se suspenda para permitir que el joven participe en un per\u00edodo de seis meses de supervisi\u00f3n con libertad condicional. El Tribunal o la Oficina de Libertad Condicional impondr\u00e1n t\u00e9rminos y condiciones espec\u00edficos que deber\u00e1n cumplirse. Si el joven completa con \u00e9xito el programa, el Tribunal desestimar\u00e1 los cargos pendientes y el caso se cerrar\u00e1 con \u00e9xito y se sellar\u00e1. Si el joven no tiene \u00e9xito, el Tribunal puede restablecer los procedimientos judiciales y proceder a la resoluci\u00f3n del caso.<\/li><li>725(a) WIC \u2013\u00a0<strong>Libertad condicional sin tutela<\/strong>: El Tribunal ha determinado que el joven viol\u00f3 la ley y se encuentra en libertad condicional por un per\u00edodo de seis meses. El Tribunal impone una serie de t\u00e9rminos y condiciones que deben seguirse para poder terminar con \u00e9xito el per\u00edodo de libertad condicional. Si el joven cumple exitosamente con los t\u00e9rminos impuestos, el caso se cierra exitosamente y se sella. Si el joven no tiene \u00e9xito, el tribunal puede imponer un nivel m\u00e1s alto de supervisi\u00f3n.<\/li><li>790 WIC \u2013\u00a0<strong>Entrada Diferida de Sentencia de Libertad Condicional<\/strong>: El Tribunal determin\u00f3 que el joven cometi\u00f3 un delito grave y lo coloca en libertad condicional por un per\u00edodo que no excede los 36 meses. Sin embargo, el joven debe cumplir con ciertos criterios antes de que pueda ser colocado en este tipo de libertad condicional.<\/li><li>602 WIC \u2013\u00a0<strong>Libertad condicional \u201cformal\u201d de tutela<\/strong>: El Tribunal determin\u00f3 que el joven viol\u00f3 la ley, lo declar\u00f3 bajo tutela del Tribunal y lo puso en libertad condicional formal bajo la supervisi\u00f3n del Departamento de Libertad Condicional. El Tribunal podr\u00e1 mantener la competencia del joven hasta la edad de 21 a\u00f1os. Los j\u00f3venes internados en el Centro Seguro de Tratamiento Juvenil pueden permanecer bajo la tutela del Tribunal hasta los 23 o 25 a\u00f1os, seg\u00fan el delito. El Tribunal exigir\u00e1 que los j\u00f3venes sigan un conjunto de t\u00e9rminos y condiciones que describen las responsabilidades de los j\u00f3venes y las expectativas del Tribunal mientras se encuentran bajo supervisi\u00f3n de libertad condicional. El incumplimiento de los t\u00e9rminos y condiciones puede resultar en que el joven sea retirado del hogar.<\/li><\/ul>\t\t\t\t\t\t\t\t<\/div>\n\t\t\t\t<\/div>\n\t\t\t\t\t<\/div>\n\t\t\t\t<\/div>\n\t\t\t\t\t<\/div>\n\t\t\t\t<\/div>\n\t\t\t\t<div class=\"elementor-element elementor-element-0ac8069 elementor-widget elementor-widget-heading\" data-id=\"0ac8069\" data-element_type=\"widget\" data-e-type=\"widget\" data-settings=\"{&quot;_animation&quot;:&quot;none&quot;}\" data-widget_type=\"heading.default\">\n\t\t\t\t<div class=\"elementor-widget-container\">\n\t\t\t\t\t<h4 class=\"elementor-heading-title elementor-size-default\">Que esperar<\/h4>\t\t\t\t<\/div>\n\t\t\t\t<\/div>\n\t\t<div class=\"elementor-element elementor-element-cfa3f63 e-flex e-con-boxed e-con e-child\" data-id=\"cfa3f63\" data-element_type=\"container\" data-e-type=\"container\" data-settings=\"{&quot;jet_parallax_layout_list&quot;:[]}\">\n\t\t\t\t\t<div class=\"e-con-inner\">\n\t\t<div class=\"elementor-element elementor-element-adf520e e-flex e-con-boxed e-con e-child\" data-id=\"adf520e\" data-element_type=\"container\" data-e-type=\"container\" data-settings=\"{&quot;jet_parallax_layout_list&quot;:[],&quot;animation&quot;:&quot;none&quot;,&quot;animation_delay&quot;:&quot;700&quot;}\">\n\t\t\t\t\t<div class=\"e-con-inner\">\n\t\t\t\t<div class=\"elementor-element elementor-element-f56db12 elementor-widget elementor-widget-text-editor\" data-id=\"f56db12\" data-element_type=\"widget\" data-e-type=\"widget\" data-widget_type=\"text-editor.default\">\n\t\t\t\t<div class=\"elementor-widget-container\">\n\t\t\t\t\t\t\t\t\t<p><img decoding=\"async\" class=\"size-medium wp-image-328 alignright\" src=\"https:\/\/probation.venturacounty.gov\/wp-content\/uploads\/2024\/06\/IMG_0380-480x269.jpg\" alt=\"\" width=\"480\" height=\"269\" srcset=\"https:\/\/probation.venturacounty.gov\/wp-content\/uploads\/2024\/06\/IMG_0380-480x269.jpg 480w, https:\/\/probation.venturacounty.gov\/wp-content\/uploads\/2024\/06\/IMG_0380-1024x575.jpg 1024w, https:\/\/probation.venturacounty.gov\/wp-content\/uploads\/2024\/06\/IMG_0380-768x431.jpg 768w, https:\/\/probation.venturacounty.gov\/wp-content\/uploads\/2024\/06\/IMG_0380-1536x862.jpg 1536w, https:\/\/probation.venturacounty.gov\/wp-content\/uploads\/2024\/06\/IMG_0380-2048x1150.jpg 2048w\" sizes=\"(max-width: 480px) 100vw, 480px\" \/>La libertad condicional utiliza una evaluaci\u00f3n validada de riesgos y necesidades para determinar la probabilidad de que un joven reincida. Los j\u00f3venes son supervisados en funci\u00f3n del resultado de la evaluaci\u00f3n de riesgos y necesidades y su riesgo para la comunidad.<\/p><p>Los oficiales de libertad condicional utilizan la evaluaci\u00f3n para desarrollar un plan de caso individualizado para cada joven que se enfoca en las \u00e1reas de la vida del joven que se consideran de mayor riesgo de conducir a conductas antisociales y criminales. El objetivo de un plan de caso incluye ayudar al joven a realizar cambios positivos en su vida y comportamiento.<\/p><p>Los objetivos del plan de caso se logran involucrando a los j\u00f3venes y las familias y brind\u00e1ndoles referencias a servicios comunitarios apropiados. Adem\u00e1s, los oficiales de libertad condicional alientan a los j\u00f3venes y brindan un entorno de apoyo.<\/p><p>El oficial de libertad condicional asignado supervisa el cumplimiento del tribunal, trabaja con el joven y la familia para desarrollar estrategias de cambio de comportamiento e informa el progreso y las acciones al tribunal.<\/p><p>La libertad condicional puede incluir visitas a la oficina de libertad condicional, al hogar del joven o a la escuela.<\/p><p>Las concesiones de libertad condicional suelen incluir responsabilidades financieras, como la restituci\u00f3n de las v\u00edctimas.<\/p>\t\t\t\t\t\t\t\t<\/div>\n\t\t\t\t<\/div>\n\t\t\t\t\t<\/div>\n\t\t\t\t<\/div>\n\t\t\t\t\t<\/div>\n\t\t\t\t<\/div>\n\t\t\t\t<div class=\"elementor-element elementor-element-acfa6d4 elementor-widget elementor-widget-heading\" data-id=\"acfa6d4\" data-element_type=\"widget\" data-e-type=\"widget\" data-settings=\"{&quot;_animation&quot;:&quot;none&quot;}\" data-widget_type=\"heading.default\">\n\t\t\t\t<div class=\"elementor-widget-container\">\n\t\t\t\t\t<h4 class=\"elementor-heading-title elementor-size-default\">Centro de tratamiento seguro para j\u00f3venes<\/h4>\t\t\t\t<\/div>\n\t\t\t\t<\/div>\n\t\t<div class=\"elementor-element elementor-element-d3f0ff8 e-con-full e-flex e-con e-child\" data-id=\"d3f0ff8\" data-element_type=\"container\" data-e-type=\"container\" data-settings=\"{&quot;jet_parallax_layout_list&quot;:[],&quot;animation&quot;:&quot;none&quot;,&quot;animation_delay&quot;:&quot;700&quot;}\">\n\t\t\t\t<div class=\"elementor-element elementor-element-7206443 elementor-widget elementor-widget-text-editor\" data-id=\"7206443\" data-element_type=\"widget\" data-e-type=\"widget\" data-widget_type=\"text-editor.default\">\n\t\t\t\t<div class=\"elementor-widget-container\">\n\t\t\t\t\t\t\t\t\t<p>el 14 de mayo<sup>th<\/sup>En enero de 2021, el Gobernador Newsom firm\u00f3 el Proyecto de Ley del Senado (SB) 823 que cerr\u00f3 el Departamento de Justicia Juvenil (DJJ) y transfiri\u00f3 la financiaci\u00f3n y la responsabilidad de los j\u00f3venes m\u00e1s necesitados a los condados locales. La legislaci\u00f3n establece que este cambio es necesario para garantizar que los j\u00f3venes est\u00e9n m\u00e1s cerca de sus familias y reciban un tratamiento apropiado para su edad que est\u00e9 basado en evidencia y mejore los resultados de la juventud y la seguridad p\u00fablica, al tiempo que reduce la transferencia de los j\u00f3venes al sistema criminal adulto. sistema de justicia. Con ese fin, la legislaci\u00f3n dispuso que los servicios de admisi\u00f3n en el Departamento de Justicia Juvenil (DJJ) cesar\u00edan a partir del 1 de julio de 2021. La SB 92 agreg\u00f3 un nuevo art\u00edculo, Instalaciones Seguras de Tratamiento Juvenil (SYTF) al C\u00f3digo de Bienestar e Instituciones que establece una nueva opci\u00f3n de disposici\u00f3n para menores de 14 a\u00f1os o m\u00e1s.<\/p><p>Para ser considerado para una disposici\u00f3n SYTF, un pupilo debe tener 14 a\u00f1os o m\u00e1s y el delito m\u00e1s reciente por el cual fue adjudicado el pupilo debe figurar en la Secci\u00f3n 707(b) del C\u00f3digo de Bienestar e Instituciones. El tribunal debe fijar un plazo base y un tiempo m\u00e1ximo de reclusi\u00f3n. El tribunal debe revisar un plan de rehabilitaci\u00f3n individual para el pupilo dentro de los 30 d\u00edas posteriores a su compromiso con un SYTF. El tribunal tambi\u00e9n debe programar y celebrar una audiencia de revisi\u00f3n del progreso para cada uno de los comprometidos con un SYTF al menos cada seis meses. El departamento de libertad condicional o el pupilo pueden presentar una moci\u00f3n para transferir al pupilo de un SYTF a un programa menos restrictivo. El prop\u00f3sito es facilitar la reintegraci\u00f3n segura y exitosa del pupilo a la comunidad.<\/p><p><span style=\"color: var( --e-global-color-secondary );font-size: 1rem;text-align: var(--text-align)\">Los j\u00f3venes que est\u00e1n en el programa SYTF pueden participar en ARISE Prevenci\u00f3n de pandillas, Terapia de reconocimiento moral, Terapia dial\u00e9ctica conductual, Manejo de la ira, The Boys and Girls Club, Consejer\u00eda individual, familiar y de crianza compartida, Servicios de tratamiento por uso de alcohol y sustancias, Programas de arte. , Equinoterapia, M\u00fasica, oradores invitados y muchas otras actividades de recreaci\u00f3n y programaci\u00f3n.<\/span><\/p>\t\t\t\t\t\t\t\t<\/div>\n\t\t\t\t<\/div>\n\t\t\t\t<\/div>\n\t\t\t\t\t<\/div>\n\t\t\t\t<\/div>\n\t\t<div class=\"elementor-element elementor-element-6144013 e-flex e-con-boxed e-con e-parent\" data-id=\"6144013\" data-element_type=\"container\" data-e-type=\"container\" data-settings=\"{&quot;background_background&quot;:&quot;classic&quot;,&quot;jet_parallax_layout_list&quot;:[]}\">\n\t\t\t\t\t<div class=\"e-con-inner\">\n\t\t<div class=\"elementor-element elementor-element-01006b7 e-flex e-con-boxed e-con e-child\" data-id=\"01006b7\" data-element_type=\"container\" data-e-type=\"container\" data-settings=\"{&quot;jet_parallax_layout_list&quot;:[]}\">\n\t\t\t\t\t<div class=\"e-con-inner\">\n\t\t<a class=\"elementor-element elementor-element-1eabd6d e-flex e-con-boxed elementor-invisible e-con e-child\" data-id=\"1eabd6d\" data-element_type=\"container\" data-e-type=\"container\" data-settings=\"{&quot;background_background&quot;:&quot;classic&quot;,&quot;jet_parallax_layout_list&quot;:[],&quot;animation&quot;:&quot;fadeInUp&quot;}\" href=\"https:\/\/probation.venturacounty.gov\/es\/juvenile-services\/facilities\/\">\n\t\t\t\t\t<div class=\"e-con-inner\">\n\t\t\t\t<div class=\"elementor-element elementor-element-4662534 elementor-widget elementor-widget-heading\" data-id=\"4662534\" data-element_type=\"widget\" data-e-type=\"widget\" data-widget_type=\"heading.default\">\n\t\t\t\t<div class=\"elementor-widget-container\">\n\t\t\t\t\t<h3 class=\"elementor-heading-title elementor-size-default\">Instalaciones juveniles<\/h3>\t\t\t\t<\/div>\n\t\t\t\t<\/div>\n\t\t\t\t\t<\/div>\n\t\t\t\t<\/a>\n\t\t<a class=\"elementor-element elementor-element-256e5dd e-flex e-con-boxed elementor-invisible e-con e-child\" data-id=\"256e5dd\" data-element_type=\"container\" data-e-type=\"container\" data-settings=\"{&quot;background_background&quot;:&quot;classic&quot;,&quot;jet_parallax_layout_list&quot;:[],&quot;animation&quot;:&quot;fadeInUp&quot;}\" href=\"https:\/\/probation.venturacounty.gov\/es\/juvenile-services\/court-services\/\">\n\t\t\t\t\t<div class=\"e-con-inner\">\n\t\t\t\t<div class=\"elementor-element elementor-element-ea21d1d elementor-widget elementor-widget-heading\" data-id=\"ea21d1d\" data-element_type=\"widget\" data-e-type=\"widget\" data-widget_type=\"heading.default\">\n\t\t\t\t<div class=\"elementor-widget-container\">\n\t\t\t\t\t<h3 class=\"elementor-heading-title elementor-size-default\">Servicios judiciales<\/h3>\t\t\t\t<\/div>\n\t\t\t\t<\/div>\n\t\t\t\t\t<\/div>\n\t\t\t\t<\/a>\n\t\t\t\t\t<\/div>\n\t\t\t\t<\/div>\n\t\t\t\t\t<\/div>\n\t\t\t\t<\/div>\n\t\t\t\t<\/div>","protected":false},"excerpt":{"rendered":"<p>About Juvenile Services Types of Probation The Welfare and Institutions Code (WIC) are the laws, rules, and regulations pertaining to youth.\u00a0 The prominent difference between the following types of probation [&hellip;]<\/p>\n","protected":false},"author":2,"featured_media":0,"parent":0,"menu_order":0,"comment_status":"closed","ping_status":"closed","template":"","meta":{"footnotes":""},"class_list":["post-170","page","type-page","status-publish","hentry"],"_links":{"self":[{"href":"https:\/\/probation.venturacounty.gov\/es\/wp-json\/wp\/v2\/pages\/170","targetHints":{"allow":["GET"]}}],"collection":[{"href":"https:\/\/probation.venturacounty.gov\/es\/wp-json\/wp\/v2\/pages"}],"about":[{"href":"https:\/\/probation.venturacounty.gov\/es\/wp-json\/wp\/v2\/types\/page"}],"author":[{"embeddable":true,"href":"https:\/\/probation.venturacounty.gov\/es\/wp-json\/wp\/v2\/users\/2"}],"replies":[{"embeddable":true,"href":"https:\/\/probation.venturacounty.gov\/es\/wp-json\/wp\/v2\/comments?post=170"}],"version-history":[{"count":0,"href":"https:\/\/probation.venturacounty.gov\/es\/wp-json\/wp\/v2\/pages\/170\/revisions"}],"wp:attachment":[{"href":"https:\/\/probation.venturacounty.gov\/es\/wp-json\/wp\/v2\/media?parent=170"}],"curies":[{"name":"gracias","href":"https:\/\/api.w.org\/{rel}","templated":true}]}}