{"id":171,"date":"2024-05-08T12:00:29","date_gmt":"2024-05-08T19:00:29","guid":{"rendered":"https:\/\/probation.venturacounty.gov\/?page_id=171"},"modified":"2024-11-01T14:11:58","modified_gmt":"2024-11-01T21:11:58","slug":"field-supervision","status":"publish","type":"page","link":"https:\/\/probation.venturacounty.gov\/es\/juvenile-services\/field-supervision\/","title":{"rendered":"Supervisi\u00f3n de campo juvenil"},"content":{"rendered":"<div data-elementor-type=\"wp-page\" data-elementor-id=\"171\" class=\"elementor elementor-171\" data-elementor-post-type=\"page\">\n\t\t\t\t<div class=\"elementor-element elementor-element-5df1b21 e-flex e-con-boxed e-con e-parent\" data-id=\"5df1b21\" data-element_type=\"container\" data-e-type=\"container\" data-settings=\"{&quot;jet_parallax_layout_list&quot;:[],&quot;background_background&quot;:&quot;classic&quot;}\">\n\t\t\t\t\t<div class=\"e-con-inner\">\n\t\t<div class=\"elementor-element elementor-element-f3cd6ed e-flex e-con-boxed e-con e-child\" data-id=\"f3cd6ed\" data-element_type=\"container\" data-e-type=\"container\" data-settings=\"{&quot;jet_parallax_layout_list&quot;:[]}\">\n\t\t\t\t\t<div class=\"e-con-inner\">\n\t\t<div class=\"elementor-element elementor-element-a518e5d e-con-full e-flex e-con e-child\" data-id=\"a518e5d\" data-element_type=\"container\" data-e-type=\"container\" data-settings=\"{&quot;jet_parallax_layout_list&quot;:[],&quot;animation&quot;:&quot;none&quot;,&quot;animation_delay&quot;:&quot;700&quot;}\">\n\t\t\t\t<div class=\"elementor-element elementor-element-9167e84 elementor-widget elementor-widget-heading\" data-id=\"9167e84\" data-element_type=\"widget\" data-e-type=\"widget\" data-settings=\"{&quot;_animation&quot;:&quot;none&quot;}\" data-widget_type=\"heading.default\">\n\t\t\t\t<div class=\"elementor-widget-container\">\n\t\t\t\t\t<h1 class=\"elementor-heading-title elementor-size-default\">Supervisi\u00f3n de campo juvenil<\/h1>\t\t\t\t<\/div>\n\t\t\t\t<\/div>\n\t\t\t\t<div class=\"elementor-element elementor-element-61fc044 elementor-widget elementor-widget-text-editor\" data-id=\"61fc044\" data-element_type=\"widget\" data-e-type=\"widget\" data-widget_type=\"text-editor.default\">\n\t\t\t\t<div class=\"elementor-widget-container\">\n\t\t\t\t\t\t\t\t\t<p>La Supervisi\u00f3n de Campo Juvenil ofrece una variedad de servicios a j\u00f3venes (hasta 21 a\u00f1os) en libertad condicional juvenil formal e informal, a familias, v\u00edctimas y a la comunidad del condado de Ventura en su conjunto. Adem\u00e1s de los servicios de supervisi\u00f3n comunes, como citas regulares en el consultorio, visitas domiciliarias, pruebas de drogas, referencias a programas y servicios, desarrollo de planes de casos individualizados y utilizaci\u00f3n de herramientas de evaluaci\u00f3n de riesgos validadas, la unidad tambi\u00e9n tiene la tarea de revisar las citaciones juveniles entrantes de todas las leyes del condado de Ventura. aplicaci\u00f3n. El proceso de revisi\u00f3n de citaciones determina si el caso de un joven ser\u00e1 remitido a la oficina del Fiscal de Distrito para su consideraci\u00f3n o si se manejar\u00e1 informalmente a trav\u00e9s de una variedad de oportunidades de desv\u00edo, sin ninguna participaci\u00f3n del tribunal. En el programa de diversi\u00f3n, el joven normalmente asiste a una clase de prevenci\u00f3n, completa una tarea o realiza un servicio comunitario. Asimismo, un joven puede ser remitido al programa de Justicia Restaurativa, un programa de desv\u00edo, donde el joven tiene la oportunidad de trabajar con v\u00edctimas de delitos en un entorno seguro para aceptar la responsabilidad y enmendar cualquier delito. Adem\u00e1s, los j\u00f3venes asignados a la unidad tienen acceso a enfermeras de salud p\u00fablica, defensores de la juventud, defensores de la educaci\u00f3n, especialistas en empleo y muchos otros programas y servicios beneficiosos.<\/p>\t\t\t\t\t\t\t\t<\/div>\n\t\t\t\t<\/div>\n\t\t\t\t<\/div>\n\t\t<div class=\"elementor-element elementor-element-4d21370 e-con-full e-flex e-con e-child\" data-id=\"4d21370\" data-element_type=\"container\" data-e-type=\"container\" data-settings=\"{&quot;jet_parallax_layout_list&quot;:[],&quot;background_background&quot;:&quot;classic&quot;}\">\n\t\t\t\t<div class=\"elementor-element elementor-element-666529c elementor-nav-menu__align-start elementor-nav-menu--dropdown-tablet elementor-nav-menu__text-align-aside elementor-nav-menu--toggle elementor-nav-menu--burger elementor-widget elementor-widget-nav-menu\" data-id=\"666529c\" data-element_type=\"widget\" data-e-type=\"widget\" data-settings=\"{&quot;layout&quot;:&quot;vertical&quot;,&quot;submenu_icon&quot;:{&quot;value&quot;:&quot;&lt;i class=\\&quot;fas fa-caret-down\\&quot;&gt;&lt;\\\/i&gt;&quot;,&quot;library&quot;:&quot;fa-solid&quot;},&quot;toggle&quot;:&quot;burger&quot;}\" data-widget_type=\"nav-menu.default\">\n\t\t\t\t<div class=\"elementor-widget-container\">\n\t\t\t\t\t\t\t\t<nav aria-label=\"Men\u00fa\" class=\"elementor-nav-menu--main elementor-nav-menu__container elementor-nav-menu--layout-vertical e--pointer-background e--animation-fade\">\n\t\t\t\t<ul id=\"menu-1-666529c\" class=\"elementor-nav-menu sm-vertical\"><li class=\"menu-item menu-item-type-post_type menu-item-object-page menu-item-189\"><a href=\"https:\/\/probation.venturacounty.gov\/es\/juvenile-services\/field-supervision\/jfs\/\" class=\"elementor-item\">Supervisi\u00f3n de campo juvenil (JFS)<\/a><\/li>\n<li class=\"menu-item menu-item-type-post_type menu-item-object-page menu-item-190\"><a href=\"https:\/\/probation.venturacounty.gov\/es\/juvenile-services\/field-supervision\/jsp-ropp\/\" class=\"elementor-item\">Programa Especializado para Menores\/Programa de Prevenci\u00f3n de Reincidencia\/Reducci\u00f3n del Absentismo Escolar y Aumento de la Educaci\u00f3n Vital (JSP\/ROPP\/THRIVE)<\/a><\/li>\n<li class=\"menu-item menu-item-type-post_type menu-item-object-page menu-item-191\"><a href=\"https:\/\/probation.venturacounty.gov\/es\/juvenile-services\/field-supervision\/tayjis\/\" class=\"elementor-item\">Servicios intensivos para j\u00f3venes y j\u00f3venes de edad transitoria (TAYJIS)<\/a><\/li>\n<li class=\"menu-item menu-item-type-custom menu-item-object-custom menu-item-184\"><a href=\"https:\/\/probation.venturacounty.gov\/es\/juvenile-services\/\" class=\"elementor-item\">Hogar de servicios juveniles<\/a><\/li>\n<\/ul>\t\t\t<\/nav>\n\t\t\t\t\t<div class=\"elementor-menu-toggle\" role=\"button\" tabindex=\"0\" aria-label=\"Alternar men\u00fa\" aria-expanded=\"false\">\n\t\t\t<i aria-hidden=\"true\" role=\"presentation\" class=\"elementor-menu-toggle__icon--open eicon-menu-bar\"><\/i><i aria-hidden=\"true\" role=\"presentation\" class=\"elementor-menu-toggle__icon--close eicon-close\"><\/i>\t\t<\/div>\n\t\t\t\t\t<nav class=\"elementor-nav-menu--dropdown elementor-nav-menu__container\" aria-hidden=\"true\">\n\t\t\t\t<ul id=\"menu-2-666529c\" class=\"elementor-nav-menu sm-vertical\"><li class=\"menu-item menu-item-type-post_type menu-item-object-page menu-item-189\"><a href=\"https:\/\/probation.venturacounty.gov\/es\/juvenile-services\/field-supervision\/jfs\/\" class=\"elementor-item\" tabindex=\"-1\">Supervisi\u00f3n de campo juvenil (JFS)<\/a><\/li>\n<li class=\"menu-item menu-item-type-post_type menu-item-object-page menu-item-190\"><a href=\"https:\/\/probation.venturacounty.gov\/es\/juvenile-services\/field-supervision\/jsp-ropp\/\" class=\"elementor-item\" tabindex=\"-1\">Programa Especializado para Menores\/Programa de Prevenci\u00f3n de Reincidencia\/Reducci\u00f3n del Absentismo Escolar y Aumento de la Educaci\u00f3n Vital (JSP\/ROPP\/THRIVE)<\/a><\/li>\n<li class=\"menu-item menu-item-type-post_type menu-item-object-page menu-item-191\"><a href=\"https:\/\/probation.venturacounty.gov\/es\/juvenile-services\/field-supervision\/tayjis\/\" class=\"elementor-item\" tabindex=\"-1\">Servicios intensivos para j\u00f3venes y j\u00f3venes de edad transitoria (TAYJIS)<\/a><\/li>\n<li class=\"menu-item menu-item-type-custom menu-item-object-custom menu-item-184\"><a href=\"https:\/\/probation.venturacounty.gov\/es\/juvenile-services\/\" class=\"elementor-item\" tabindex=\"-1\">Hogar de servicios juveniles<\/a><\/li>\n<\/ul>\t\t\t<\/nav>\n\t\t\t\t\t\t<\/div>\n\t\t\t\t<\/div>\n\t\t\t\t<\/div>\n\t\t\t\t\t<\/div>\n\t\t\t\t<\/div>\n\t\t\t\t\t<\/div>\n\t\t\t\t<\/div>\n\t\t<div class=\"elementor-element elementor-element-6144013 e-flex e-con-boxed e-con e-parent\" data-id=\"6144013\" data-element_type=\"container\" data-e-type=\"container\" data-settings=\"{&quot;background_background&quot;:&quot;classic&quot;,&quot;jet_parallax_layout_list&quot;:[]}\">\n\t\t\t\t\t<div class=\"e-con-inner\">\n\t\t<div class=\"elementor-element elementor-element-01006b7 e-flex e-con-boxed e-con e-child\" data-id=\"01006b7\" data-element_type=\"container\" data-e-type=\"container\" data-settings=\"{&quot;jet_parallax_layout_list&quot;:[]}\">\n\t\t\t\t\t<div class=\"e-con-inner\">\n\t\t<div class=\"elementor-element elementor-element-f7d2e95 e-transform e-flex e-con-boxed elementor-invisible e-con e-child\" data-id=\"f7d2e95\" data-element_type=\"container\" data-e-type=\"container\" data-settings=\"{&quot;background_background&quot;:&quot;classic&quot;,&quot;jet_parallax_layout_list&quot;:[],&quot;animation&quot;:&quot;fadeInUp&quot;,&quot;_transform_scaleX_effect&quot;:{&quot;unit&quot;:&quot;px&quot;,&quot;size&quot;:&quot;&quot;,&quot;sizes&quot;:[]},&quot;_transform_scaleX_effect_tablet&quot;:{&quot;unit&quot;:&quot;px&quot;,&quot;size&quot;:&quot;&quot;,&quot;sizes&quot;:[]},&quot;_transform_scaleX_effect_mobile&quot;:{&quot;unit&quot;:&quot;px&quot;,&quot;size&quot;:&quot;&quot;,&quot;sizes&quot;:[]},&quot;_transform_scaleY_effect&quot;:{&quot;unit&quot;:&quot;px&quot;,&quot;size&quot;:&quot;&quot;,&quot;sizes&quot;:[]},&quot;_transform_scaleY_effect_tablet&quot;:{&quot;unit&quot;:&quot;px&quot;,&quot;size&quot;:&quot;&quot;,&quot;sizes&quot;:[]},&quot;_transform_scaleY_effect_mobile&quot;:{&quot;unit&quot;:&quot;px&quot;,&quot;size&quot;:&quot;&quot;,&quot;sizes&quot;:[]}}\">\n\t\t\t\t\t<div class=\"e-con-inner\">\n\t\t\t\t\t<\/div>\n\t\t\t\t<\/div>\n\t\t\t\t\t<\/div>\n\t\t\t\t<\/div>\n\t\t\t\t\t<\/div>\n\t\t\t\t<\/div>\n\t\t\t\t<\/div>","protected":false},"excerpt":{"rendered":"<p>Juvenile Field Supervision Juvenile Field Supervision offers an array of services to youth (up to age 21) on formal and informal juvenile probation, to families, victims, and the community of [&hellip;]<\/p>\n","protected":false},"author":2,"featured_media":0,"parent":170,"menu_order":0,"comment_status":"closed","ping_status":"closed","template":"","meta":{"footnotes":""},"class_list":["post-171","page","type-page","status-publish","hentry"],"_links":{"self":[{"href":"https:\/\/probation.venturacounty.gov\/es\/wp-json\/wp\/v2\/pages\/171","targetHints":{"allow":["GET"]}}],"collection":[{"href":"https:\/\/probation.venturacounty.gov\/es\/wp-json\/wp\/v2\/pages"}],"about":[{"href":"https:\/\/probation.venturacounty.gov\/es\/wp-json\/wp\/v2\/types\/page"}],"author":[{"embeddable":true,"href":"https:\/\/probation.venturacounty.gov\/es\/wp-json\/wp\/v2\/users\/2"}],"replies":[{"embeddable":true,"href":"https:\/\/probation.venturacounty.gov\/es\/wp-json\/wp\/v2\/comments?post=171"}],"version-history":[{"count":0,"href":"https:\/\/probation.venturacounty.gov\/es\/wp-json\/wp\/v2\/pages\/171\/revisions"}],"up":[{"embeddable":true,"href":"https:\/\/probation.venturacounty.gov\/es\/wp-json\/wp\/v2\/pages\/170"}],"wp:attachment":[{"href":"https:\/\/probation.venturacounty.gov\/es\/wp-json\/wp\/v2\/media?parent=171"}],"curies":[{"name":"gracias","href":"https:\/\/api.w.org\/{rel}","templated":true}]}}