{"id":275,"date":"2024-05-22T14:26:44","date_gmt":"2024-05-22T21:26:44","guid":{"rendered":"https:\/\/probation.venturacounty.gov\/?page_id=275"},"modified":"2026-01-05T10:30:48","modified_gmt":"2026-01-05T18:30:48","slug":"bip","status":"publish","type":"page","link":"https:\/\/probation.venturacounty.gov\/es\/resources\/bip\/","title":{"rendered":"PBI"},"content":{"rendered":"<div data-elementor-type=\"wp-page\" data-elementor-id=\"275\" class=\"elementor elementor-275\" data-elementor-post-type=\"page\">\n\t\t\t\t<div class=\"elementor-element elementor-element-5df1b21 e-flex e-con-boxed e-con e-parent\" data-id=\"5df1b21\" data-element_type=\"container\" data-e-type=\"container\" data-settings=\"{&quot;jet_parallax_layout_list&quot;:[],&quot;background_background&quot;:&quot;classic&quot;}\">\n\t\t\t\t\t<div class=\"e-con-inner\">\n\t\t<div class=\"elementor-element elementor-element-f3cd6ed e-flex e-con-boxed e-con e-child\" data-id=\"f3cd6ed\" data-element_type=\"container\" data-e-type=\"container\" data-settings=\"{&quot;jet_parallax_layout_list&quot;:[]}\">\n\t\t\t\t\t<div class=\"e-con-inner\">\n\t\t<div class=\"elementor-element elementor-element-a518e5d e-con-full e-flex e-con e-child\" data-id=\"a518e5d\" data-element_type=\"container\" data-e-type=\"container\" data-settings=\"{&quot;jet_parallax_layout_list&quot;:[],&quot;animation&quot;:&quot;none&quot;,&quot;animation_delay&quot;:&quot;700&quot;}\">\n\t\t\t\t<div class=\"elementor-element elementor-element-9167e84 elementor-widget elementor-widget-heading\" data-id=\"9167e84\" data-element_type=\"widget\" data-e-type=\"widget\" data-settings=\"{&quot;_animation&quot;:&quot;none&quot;}\" data-widget_type=\"heading.default\">\n\t\t\t\t<div class=\"elementor-widget-container\">\n\t\t\t\t\t<h1 class=\"elementor-heading-title elementor-size-default\">Intervenci\u00f3n del agresor<\/h1>\t\t\t\t<\/div>\n\t\t\t\t<\/div>\n\t\t\t\t<div class=\"elementor-element elementor-element-f8e24dc elementor-widget elementor-widget-text-editor\" data-id=\"f8e24dc\" data-element_type=\"widget\" data-e-type=\"widget\" data-widget_type=\"text-editor.default\">\n\t\t\t\t<div class=\"elementor-widget-container\">\n\t\t\t\t\t\t\t\t\t<p>Los programas de intervenci\u00f3n para agresores aprobados por el condado de Ventura se enumeran a continuaci\u00f3n.<\/p>\t\t\t\t\t\t\t\t<\/div>\n\t\t\t\t<\/div>\n\t\t\t\t<div class=\"elementor-element elementor-element-61fc044 elementor-widget elementor-widget-text-editor\" data-id=\"61fc044\" data-element_type=\"widget\" data-e-type=\"widget\" data-widget_type=\"text-editor.default\">\n\t\t\t\t<div class=\"elementor-widget-container\">\n\t\t\t\t\t\t\t\t\t<div class=\"vc_row element-row vc_inner row\"><div class=\"wpb_column vc_column_container vc_col-sm-6\"><div class=\"vc_column-inner\"><div class=\"wpb_wrapper\"><h3 class=\"vc_custom_heading\"><a href=\"http:\/\/psforhelp.org\/\" target=\"_blank\" rel=\"noopener\">Intervenci\u00f3n en la Calle \u201cA\u201d<\/a><\/h3><div class=\"wpb_text_column wpb_content_element\"><div class=\"wpb_wrapper\"><p>(ingl\u00e9s y espa\u00f1ol, masculino y femenino)<br \/>Tel\u00e9fono: (805) 701-1040<\/p><\/div><\/div><\/div><\/div><\/div><div class=\"wpb_column vc_column_container vc_col-sm-6\"><div class=\"vc_column-inner\"><div class=\"wpb_wrapper\"><h3 class=\"vc_custom_heading\"><a href=\"http:\/\/lakesidefamilycounseling.org\/\" target=\"_blank\" rel=\"noopener\">Servicios de intervenci\u00f3n y asesoramiento familiar de Lakeside<\/a><\/h3><div class=\"wpb_text_column wpb_content_element\"><div class=\"wpb_wrapper\"><p>(ingl\u00e9s, masculino y femenino)<br \/>Tel\u00e9fono: (805) 289-1500<\/p><\/div><\/div><\/div><\/div><\/div><\/div><div class=\"vc_row element-row vc_inner row\"><div class=\"wpb_column vc_column_container vc_col-sm-6\"><div class=\"vc_column-inner\"><div class=\"wpb_wrapper\"><h3 class=\"vc_custom_heading\"><a href=\"https:\/\/cornerstonesv.com\/\" target=\"_blank\" rel=\"noopener\">Centro de asesoramiento de piedra angular<\/a><\/h3><div class=\"wpb_text_column wpb_content_element\"><div class=\"wpb_wrapper\"><p>(ingl\u00e9s, masculino)<br \/>Tel\u00e9fono: (805) 390-6384<\/p><\/div><\/div><\/div><\/div><\/div><div class=\"wpb_column vc_column_container vc_col-sm-6\"><div class=\"vc_column-inner\"><div class=\"wpb_wrapper\"><h3 class=\"vc_custom_heading\"><a href=\"http:\/\/s2sdvonline.com\/\" target=\"_blank\" rel=\"noopener\">Calles2Escuelas, Inc.<\/a><\/h3><div class=\"wpb_text_column wpb_content_element\"><div class=\"wpb_wrapper\"><p>(ingl\u00e9s y espa\u00f1ol, masculino y femenino)<br \/>Tel\u00e9fono: (916) 629-3045<\/p><\/div><\/div><\/div><\/div><\/div><\/div><div class=\"vc_row element-row vc_inner row\"><div class=\"wpb_column vc_column_container vc_col-sm-6\"><div class=\"vc_column-inner\"><div class=\"wpb_wrapper\"><h3 class=\"vc_custom_heading\"><a href=\"https:\/\/probation.venturacounty.gov\/es\/resources\/providers\/bip\/\" target=\"_blank\" rel=\"noopener\">Programa de Acci\u00f3n Alternativa (AAP)<\/a><\/h3><div class=\"wpb_text_column wpb_content_element\"><div class=\"wpb_wrapper\"><p>(ingl\u00e9s y espa\u00f1ol, masculino y femenino)<br role=\"presentation\" data-uw-rm-sr=\"\" \/>Tel\u00e9fono: (805) 988-1112<\/p><\/div><\/div><\/div><\/div><\/div><div class=\"wpb_column vc_column_container vc_col-sm-6\"><div class=\"vc_column-inner\"><div class=\"wpb_wrapper\"><h3 class=\"vc_custom_heading\"><a href=\"http:\/\/westlakevillagefamilyservices.com\/\" target=\"_blank\" rel=\"noopener\">Servicios familiares de Westlake Village<\/a><\/h3><div class=\"wpb_text_column wpb_content_element\"><div class=\"wpb_wrapper\"><p>(ingl\u00e9s, masculino y femenino)<br \/>Tel\u00e9fono: (818) 730-2960<\/p><\/div><\/div><\/div><\/div><\/div><\/div>\t\t\t\t\t\t\t\t<\/div>\n\t\t\t\t<\/div>\n\t\t\t\t<div class=\"elementor-element elementor-element-bce398a elementor-widget elementor-widget-text-editor\" data-id=\"bce398a\" data-element_type=\"widget\" data-e-type=\"widget\" data-widget_type=\"text-editor.default\">\n\t\t\t\t<div class=\"elementor-widget-container\">\n\t\t\t\t\t\t\t\t\t<p>\u00a0<\/p><p><small>Seg\u00fan el acuerdo, todos los proveedores cobran $45 por sesi\u00f3n de terapia. Se espera que los demandados paguen por los servicios prestados. Existe una escala de honorarios variables, seg\u00fan la incapacidad de pagar la tarifa programada. Los proveedores realizar\u00e1n evaluaciones financieras iniciales, previa solicitud, para determinar si cumplen los requisitos para una tarifa reducida.<\/small><\/p><p><small>Seg\u00fan lo acordado, todos los proveedores cobrar\u00e1n $45 por sesi\u00f3n de terapia. Los acusados deben pagar por los servicios proporcionados. Est\u00e1 disponible una cuota variable, en caso de que no se pueda pagar la cuota fijada. Los proveedores llevar\u00e1n a cabo las evaluaciones financieras iniciales para determinar la elegibilidad para una cuota reducida si lo solicitan.<\/small><\/p>\t\t\t\t\t\t\t\t<\/div>\n\t\t\t\t<\/div>\n\t\t\t\t<\/div>\n\t\t<div class=\"elementor-element elementor-element-4d21370 e-con-full e-flex e-con e-child\" data-id=\"4d21370\" data-element_type=\"container\" data-e-type=\"container\" data-settings=\"{&quot;jet_parallax_layout_list&quot;:[],&quot;background_background&quot;:&quot;classic&quot;}\">\n\t\t\t\t<div class=\"elementor-element elementor-element-666529c elementor-nav-menu__align-start elementor-nav-menu--dropdown-tablet elementor-nav-menu__text-align-aside elementor-nav-menu--toggle elementor-nav-menu--burger elementor-widget elementor-widget-nav-menu\" data-id=\"666529c\" data-element_type=\"widget\" data-e-type=\"widget\" data-settings=\"{&quot;layout&quot;:&quot;vertical&quot;,&quot;submenu_icon&quot;:{&quot;value&quot;:&quot;&lt;i class=\\&quot;fas fa-caret-down\\&quot;&gt;&lt;\\\/i&gt;&quot;,&quot;library&quot;:&quot;fa-solid&quot;},&quot;toggle&quot;:&quot;burger&quot;}\" data-widget_type=\"nav-menu.default\">\n\t\t\t\t<div class=\"elementor-widget-container\">\n\t\t\t\t\t\t\t\t<nav aria-label=\"Men\u00fa\" class=\"elementor-nav-menu--main elementor-nav-menu__container elementor-nav-menu--layout-vertical e--pointer-background e--animation-fade\">\n\t\t\t\t<ul id=\"menu-1-666529c\" class=\"elementor-nav-menu sm-vertical\"><li class=\"menu-item menu-item-type-post_type menu-item-object-page menu-item-282\"><a href=\"https:\/\/probation.venturacounty.gov\/es\/resources\/anger-management\/\" class=\"elementor-item\">Control de la ira<\/a><\/li>\n<li class=\"menu-item menu-item-type-post_type menu-item-object-page menu-item-284\"><a href=\"https:\/\/probation.venturacounty.gov\/es\/resources\/bip\/\" class=\"elementor-item\">Intervenci\u00f3n del agresor<\/a><\/li>\n<li class=\"menu-item menu-item-type-post_type menu-item-object-page menu-item-281\"><a href=\"https:\/\/probation.venturacounty.gov\/es\/resources\/child-abuse\/\" class=\"elementor-item\">Abuso infantil<\/a><\/li>\n<li class=\"menu-item menu-item-type-post_type menu-item-object-page menu-item-283\"><a href=\"https:\/\/probation.venturacounty.gov\/es\/resources\/dui\/\" class=\"elementor-item\">Conducir bajo los efectos del alcohol (DUI)<\/a><\/li>\n<li class=\"menu-item menu-item-type-post_type menu-item-object-page menu-item-280\"><a href=\"https:\/\/probation.venturacounty.gov\/es\/resources\/sex-offender\/\" class=\"elementor-item\">Delincuente sexual<\/a><\/li>\n<li class=\"menu-item menu-item-type-custom menu-item-object-custom menu-item-285\"><a href=\"https:\/\/probation.venturacounty.gov\/es\/resources\/\" class=\"elementor-item\">Recursos Inicio<\/a><\/li>\n<\/ul>\t\t\t<\/nav>\n\t\t\t\t\t<div class=\"elementor-menu-toggle\" role=\"button\" tabindex=\"0\" aria-label=\"Alternar men\u00fa\" aria-expanded=\"false\">\n\t\t\t<i aria-hidden=\"true\" role=\"presentation\" class=\"elementor-menu-toggle__icon--open eicon-menu-bar\"><\/i><i aria-hidden=\"true\" role=\"presentation\" class=\"elementor-menu-toggle__icon--close eicon-close\"><\/i>\t\t<\/div>\n\t\t\t\t\t<nav class=\"elementor-nav-menu--dropdown elementor-nav-menu__container\" aria-hidden=\"true\">\n\t\t\t\t<ul id=\"menu-2-666529c\" class=\"elementor-nav-menu sm-vertical\"><li class=\"menu-item menu-item-type-post_type menu-item-object-page menu-item-282\"><a href=\"https:\/\/probation.venturacounty.gov\/es\/resources\/anger-management\/\" class=\"elementor-item\" tabindex=\"-1\">Control de la ira<\/a><\/li>\n<li class=\"menu-item menu-item-type-post_type menu-item-object-page menu-item-284\"><a href=\"https:\/\/probation.venturacounty.gov\/es\/resources\/bip\/\" class=\"elementor-item\" tabindex=\"-1\">Intervenci\u00f3n del agresor<\/a><\/li>\n<li class=\"menu-item menu-item-type-post_type menu-item-object-page menu-item-281\"><a href=\"https:\/\/probation.venturacounty.gov\/es\/resources\/child-abuse\/\" class=\"elementor-item\" tabindex=\"-1\">Abuso infantil<\/a><\/li>\n<li class=\"menu-item menu-item-type-post_type menu-item-object-page menu-item-283\"><a href=\"https:\/\/probation.venturacounty.gov\/es\/resources\/dui\/\" class=\"elementor-item\" tabindex=\"-1\">Conducir bajo los efectos del alcohol (DUI)<\/a><\/li>\n<li class=\"menu-item menu-item-type-post_type menu-item-object-page menu-item-280\"><a href=\"https:\/\/probation.venturacounty.gov\/es\/resources\/sex-offender\/\" class=\"elementor-item\" tabindex=\"-1\">Delincuente sexual<\/a><\/li>\n<li class=\"menu-item menu-item-type-custom menu-item-object-custom menu-item-285\"><a href=\"https:\/\/probation.venturacounty.gov\/es\/resources\/\" class=\"elementor-item\" tabindex=\"-1\">Recursos Inicio<\/a><\/li>\n<\/ul>\t\t\t<\/nav>\n\t\t\t\t\t\t<\/div>\n\t\t\t\t<\/div>\n\t\t\t\t<\/div>\n\t\t\t\t\t<\/div>\n\t\t\t\t<\/div>\n\t\t\t\t\t<\/div>\n\t\t\t\t<\/div>\n\t\t<div class=\"elementor-element elementor-element-6144013 e-flex e-con-boxed e-con e-parent\" data-id=\"6144013\" data-element_type=\"container\" data-e-type=\"container\" data-settings=\"{&quot;background_background&quot;:&quot;classic&quot;,&quot;jet_parallax_layout_list&quot;:[]}\">\n\t\t\t\t\t<div class=\"e-con-inner\">\n\t\t<div class=\"elementor-element elementor-element-01006b7 e-flex e-con-boxed e-con e-child\" data-id=\"01006b7\" data-element_type=\"container\" data-e-type=\"container\" data-settings=\"{&quot;jet_parallax_layout_list&quot;:[]}\">\n\t\t\t\t\t<div class=\"e-con-inner\">\n\t\t<div class=\"elementor-element elementor-element-f7d2e95 e-transform e-flex e-con-boxed elementor-invisible e-con e-child\" data-id=\"f7d2e95\" data-element_type=\"container\" data-e-type=\"container\" data-settings=\"{&quot;background_background&quot;:&quot;classic&quot;,&quot;jet_parallax_layout_list&quot;:[],&quot;animation&quot;:&quot;fadeInUp&quot;,&quot;_transform_scaleX_effect&quot;:{&quot;unit&quot;:&quot;px&quot;,&quot;size&quot;:&quot;&quot;,&quot;sizes&quot;:[]},&quot;_transform_scaleX_effect_tablet&quot;:{&quot;unit&quot;:&quot;px&quot;,&quot;size&quot;:&quot;&quot;,&quot;sizes&quot;:[]},&quot;_transform_scaleX_effect_mobile&quot;:{&quot;unit&quot;:&quot;px&quot;,&quot;size&quot;:&quot;&quot;,&quot;sizes&quot;:[]},&quot;_transform_scaleY_effect&quot;:{&quot;unit&quot;:&quot;px&quot;,&quot;size&quot;:&quot;&quot;,&quot;sizes&quot;:[]},&quot;_transform_scaleY_effect_tablet&quot;:{&quot;unit&quot;:&quot;px&quot;,&quot;size&quot;:&quot;&quot;,&quot;sizes&quot;:[]},&quot;_transform_scaleY_effect_mobile&quot;:{&quot;unit&quot;:&quot;px&quot;,&quot;size&quot;:&quot;&quot;,&quot;sizes&quot;:[]}}\">\n\t\t\t\t\t<div class=\"e-con-inner\">\n\t\t\t\t\t<\/div>\n\t\t\t\t<\/div>\n\t\t<div class=\"elementor-element elementor-element-a6e2b36 e-flex e-con-boxed elementor-invisible e-con e-child\" data-id=\"a6e2b36\" data-element_type=\"container\" data-e-type=\"container\" data-settings=\"{&quot;background_background&quot;:&quot;classic&quot;,&quot;jet_parallax_layout_list&quot;:[],&quot;animation&quot;:&quot;fadeInUp&quot;}\">\n\t\t\t\t\t<div class=\"e-con-inner\">\n\t\t\t\t\t<\/div>\n\t\t\t\t<\/div>\n\t\t<div class=\"elementor-element elementor-element-256e5dd e-flex e-con-boxed elementor-invisible e-con e-child\" data-id=\"256e5dd\" data-element_type=\"container\" data-e-type=\"container\" data-settings=\"{&quot;background_background&quot;:&quot;classic&quot;,&quot;jet_parallax_layout_list&quot;:[],&quot;animation&quot;:&quot;fadeInUp&quot;}\">\n\t\t\t\t\t<div class=\"e-con-inner\">\n\t\t\t\t\t<\/div>\n\t\t\t\t<\/div>\n\t\t\t\t\t<\/div>\n\t\t\t\t<\/div>\n\t\t\t\t\t<\/div>\n\t\t\t\t<\/div>\n\t\t\t\t<\/div>","protected":false},"excerpt":{"rendered":"<p>Batterer Intervention Ventura County-approved batterer\u2019s intervention programs listed below. &#8220;A&#8221; Street Intervention (English &amp; Spanish, Male &amp; Female)Phone: (805) 701-1040 Lakeside Family Counseling and Intervention Services (English, Male &amp; Female)Phone: [&hellip;]<\/p>\n","protected":false},"author":7,"featured_media":0,"parent":183,"menu_order":0,"comment_status":"closed","ping_status":"closed","template":"","meta":{"footnotes":""},"class_list":["post-275","page","type-page","status-publish","hentry"],"_links":{"self":[{"href":"https:\/\/probation.venturacounty.gov\/es\/wp-json\/wp\/v2\/pages\/275","targetHints":{"allow":["GET"]}}],"collection":[{"href":"https:\/\/probation.venturacounty.gov\/es\/wp-json\/wp\/v2\/pages"}],"about":[{"href":"https:\/\/probation.venturacounty.gov\/es\/wp-json\/wp\/v2\/types\/page"}],"author":[{"embeddable":true,"href":"https:\/\/probation.venturacounty.gov\/es\/wp-json\/wp\/v2\/users\/7"}],"replies":[{"embeddable":true,"href":"https:\/\/probation.venturacounty.gov\/es\/wp-json\/wp\/v2\/comments?post=275"}],"version-history":[{"count":0,"href":"https:\/\/probation.venturacounty.gov\/es\/wp-json\/wp\/v2\/pages\/275\/revisions"}],"up":[{"embeddable":true,"href":"https:\/\/probation.venturacounty.gov\/es\/wp-json\/wp\/v2\/pages\/183"}],"wp:attachment":[{"href":"https:\/\/probation.venturacounty.gov\/es\/wp-json\/wp\/v2\/media?parent=275"}],"curies":[{"name":"gracias","href":"https:\/\/api.w.org\/{rel}","templated":true}]}}