{"id":348,"date":"2024-06-04T15:30:17","date_gmt":"2024-06-04T22:30:17","guid":{"rendered":"https:\/\/probation.venturacounty.gov\/?page_id=348"},"modified":"2025-07-24T13:37:43","modified_gmt":"2025-07-24T20:37:43","slug":"message-from-the-chief","status":"publish","type":"page","link":"https:\/\/probation.venturacounty.gov\/es\/message-from-the-chief\/","title":{"rendered":"Mensaje del jefe"},"content":{"rendered":"<div data-elementor-type=\"wp-page\" data-elementor-id=\"348\" class=\"elementor elementor-348\" data-elementor-post-type=\"page\">\n\t\t\t\t<div class=\"elementor-element elementor-element-5df1b21 e-flex e-con-boxed e-con e-parent\" data-id=\"5df1b21\" data-element_type=\"container\" data-e-type=\"container\" data-settings=\"{&quot;jet_parallax_layout_list&quot;:[],&quot;background_background&quot;:&quot;classic&quot;}\">\n\t\t\t\t\t<div class=\"e-con-inner\">\n\t\t<div class=\"elementor-element elementor-element-f3cd6ed e-flex e-con-boxed e-con e-child\" data-id=\"f3cd6ed\" data-element_type=\"container\" data-e-type=\"container\" data-settings=\"{&quot;jet_parallax_layout_list&quot;:[]}\">\n\t\t\t\t\t<div class=\"e-con-inner\">\n\t\t<div class=\"elementor-element elementor-element-a518e5d e-con-full e-flex e-con e-child\" data-id=\"a518e5d\" data-element_type=\"container\" data-e-type=\"container\" data-settings=\"{&quot;jet_parallax_layout_list&quot;:[],&quot;animation&quot;:&quot;none&quot;,&quot;animation_delay&quot;:&quot;700&quot;}\">\n\t\t\t\t<div class=\"elementor-element elementor-element-9167e84 elementor-widget elementor-widget-heading\" data-id=\"9167e84\" data-element_type=\"widget\" data-e-type=\"widget\" data-settings=\"{&quot;_animation&quot;:&quot;none&quot;}\" data-widget_type=\"heading.default\">\n\t\t\t\t<div class=\"elementor-widget-container\">\n\t\t\t\t\t<h1 class=\"elementor-heading-title elementor-size-default\">Mensaje del jefe<\/h1>\t\t\t\t<\/div>\n\t\t\t\t<\/div>\n\t\t\t\t<div class=\"elementor-element elementor-element-61fc044 elementor-widget elementor-widget-text-editor\" data-id=\"61fc044\" data-element_type=\"widget\" data-e-type=\"widget\" data-widget_type=\"text-editor.default\">\n\t\t\t\t<div class=\"elementor-widget-container\">\n\t\t\t\t\t\t\t\t\t<p style=\"text-align: left;\"><img fetchpriority=\"high\" decoding=\"async\" class=\"wp-image-1068 alignleft\" src=\"https:\/\/probation.venturacounty.gov\/wp-content\/uploads\/2025\/07\/Miller-2025-480x600.jpg\" alt=\"\" width=\"250\" height=\"313\" srcset=\"https:\/\/probation.venturacounty.gov\/wp-content\/uploads\/2025\/07\/Miller-2025-480x600.jpg 480w, https:\/\/probation.venturacounty.gov\/wp-content\/uploads\/2025\/07\/Miller-2025-1024x1280.jpg 1024w, https:\/\/probation.venturacounty.gov\/wp-content\/uploads\/2025\/07\/Miller-2025-768x960.jpg 768w, https:\/\/probation.venturacounty.gov\/wp-content\/uploads\/2025\/07\/Miller-2025-1229x1536.jpg 1229w, https:\/\/probation.venturacounty.gov\/wp-content\/uploads\/2025\/07\/Miller-2025-1638x2048.jpg 1638w, https:\/\/probation.venturacounty.gov\/wp-content\/uploads\/2025\/07\/Miller-2025-10x12.jpg 10w, https:\/\/probation.venturacounty.gov\/wp-content\/uploads\/2025\/07\/Miller-2025-scaled.jpg 2048w\" sizes=\"(max-width: 250px) 100vw, 250px\" \/><\/p><p><strong>Bienvenido a la Agencia de Libertad Condicional del Condado de Ventura.<\/strong><\/p><p>Nuestra misi\u00f3n se basa en un firme compromiso con la promoci\u00f3n de la seguridad comunitaria, la defensa de la justicia y el desarrollo personal. Nuestro equipo de profesionales dedicados trabaja incansablemente para mejorar la seguridad p\u00fablica, apoyar al sistema judicial, defender a las v\u00edctimas y guiar a las personas hacia la rehabilitaci\u00f3n y un cambio significativo. Nos enorgullece colaborar con las fuerzas del orden, los servicios sociales, los profesionales de la salud mental y una diversa red de organizaciones comunitarias para lograr estos objetivos. Es un privilegio servir al Condado de Ventura con integridad, compasi\u00f3n y una dedicaci\u00f3n inquebrantable. Lo invitamos a explorar nuestro sitio web para descubrir la impactante labor de la Agencia de Libertad Condicional del Condado de Ventura. Si nuestra misi\u00f3n le identifica, considere unirse a nuestro equipo para marcar la diferencia en nuestra comunidad.<\/p>\t\t\t\t\t\t\t\t<\/div>\n\t\t\t\t<\/div>\n\t\t\t\t<div class=\"elementor-element elementor-element-26edb00 elementor-widget elementor-widget-heading\" data-id=\"26edb00\" data-element_type=\"widget\" data-e-type=\"widget\" data-settings=\"{&quot;_animation&quot;:&quot;none&quot;}\" data-widget_type=\"heading.default\">\n\t\t\t\t<div class=\"elementor-widget-container\">\n\t\t\t\t\t<p class=\"elementor-heading-title elementor-size-default\">Ronald Miller II<\/p>\t\t\t\t<\/div>\n\t\t\t\t<\/div>\n\t\t\t\t<div class=\"elementor-element elementor-element-bc2a396 elementor-widget elementor-widget-heading\" data-id=\"bc2a396\" data-element_type=\"widget\" data-e-type=\"widget\" data-settings=\"{&quot;_animation&quot;:&quot;none&quot;}\" data-widget_type=\"heading.default\">\n\t\t\t\t<div class=\"elementor-widget-container\">\n\t\t\t\t\t<p class=\"elementor-heading-title elementor-size-default\">Director de libertad condicional<\/p>\t\t\t\t<\/div>\n\t\t\t\t<\/div>\n\t\t\t\t<\/div>\n\t\t<div class=\"elementor-element elementor-element-4d21370 e-con-full e-flex e-con e-child\" data-id=\"4d21370\" data-element_type=\"container\" data-e-type=\"container\" data-settings=\"{&quot;jet_parallax_layout_list&quot;:[],&quot;background_background&quot;:&quot;classic&quot;}\">\n\t\t\t\t<div class=\"elementor-element elementor-element-666529c elementor-nav-menu__align-start elementor-nav-menu--dropdown-tablet elementor-nav-menu__text-align-aside elementor-widget elementor-widget-nav-menu\" data-id=\"666529c\" data-element_type=\"widget\" data-e-type=\"widget\" data-settings=\"{&quot;layout&quot;:&quot;vertical&quot;,&quot;submenu_icon&quot;:{&quot;value&quot;:&quot;&lt;i class=\\&quot;fas fa-caret-down\\&quot;&gt;&lt;\\\/i&gt;&quot;,&quot;library&quot;:&quot;fa-solid&quot;}}\" data-widget_type=\"nav-menu.default\">\n\t\t\t\t<div class=\"elementor-widget-container\">\n\t\t\t\t\t\t\t\t<nav aria-label=\"Men\u00fa\" class=\"elementor-nav-menu--main elementor-nav-menu__container elementor-nav-menu--layout-vertical e--pointer-background e--animation-fade\">\n\t\t\t\t<ul id=\"menu-1-666529c\" class=\"elementor-nav-menu sm-vertical\"><li class=\"menu-item menu-item-type-post_type menu-item-object-page menu-item-361\"><a href=\"https:\/\/probation.venturacounty.gov\/es\/message-from-the-chief\/\" class=\"elementor-item\">Mensaje del jefe<\/a><\/li>\n<li class=\"menu-item menu-item-type-post_type menu-item-object-page menu-item-360\"><a href=\"https:\/\/probation.venturacounty.gov\/es\/history\/\" class=\"elementor-item\">Historia<\/a><\/li>\n<li class=\"menu-item menu-item-type-post_type menu-item-object-page menu-item-1159\"><a href=\"https:\/\/probation.venturacounty.gov\/es\/strategic-plan\/\" class=\"elementor-item\">Plan estrat\u00e9gico<\/a><\/li>\n<li class=\"menu-item menu-item-type-post_type menu-item-object-page menu-item-998\"><a href=\"https:\/\/probation.venturacounty.gov\/es\/executive-team\/\" class=\"elementor-item\">Equipo ejecutivo<\/a><\/li>\n<li class=\"menu-item menu-item-type-post_type menu-item-object-page menu-item-1147\"><a href=\"https:\/\/probation.venturacounty.gov\/es\/contactus-main\/\" class=\"elementor-item\">Cont\u00e1ctenos<\/a><\/li>\n<\/ul>\t\t\t<\/nav>\n\t\t\t\t\t\t<nav class=\"elementor-nav-menu--dropdown elementor-nav-menu__container\" aria-hidden=\"true\">\n\t\t\t\t<ul id=\"menu-2-666529c\" class=\"elementor-nav-menu sm-vertical\"><li class=\"menu-item menu-item-type-post_type menu-item-object-page menu-item-361\"><a href=\"https:\/\/probation.venturacounty.gov\/es\/message-from-the-chief\/\" class=\"elementor-item\" tabindex=\"-1\">Mensaje del jefe<\/a><\/li>\n<li class=\"menu-item menu-item-type-post_type menu-item-object-page menu-item-360\"><a href=\"https:\/\/probation.venturacounty.gov\/es\/history\/\" class=\"elementor-item\" tabindex=\"-1\">Historia<\/a><\/li>\n<li class=\"menu-item menu-item-type-post_type menu-item-object-page menu-item-1159\"><a href=\"https:\/\/probation.venturacounty.gov\/es\/strategic-plan\/\" class=\"elementor-item\" tabindex=\"-1\">Plan estrat\u00e9gico<\/a><\/li>\n<li class=\"menu-item menu-item-type-post_type menu-item-object-page menu-item-998\"><a href=\"https:\/\/probation.venturacounty.gov\/es\/executive-team\/\" class=\"elementor-item\" tabindex=\"-1\">Equipo ejecutivo<\/a><\/li>\n<li class=\"menu-item menu-item-type-post_type menu-item-object-page menu-item-1147\"><a href=\"https:\/\/probation.venturacounty.gov\/es\/contactus-main\/\" class=\"elementor-item\" tabindex=\"-1\">Cont\u00e1ctenos<\/a><\/li>\n<\/ul>\t\t\t<\/nav>\n\t\t\t\t\t\t<\/div>\n\t\t\t\t<\/div>\n\t\t\t\t<\/div>\n\t\t\t\t\t<\/div>\n\t\t\t\t<\/div>\n\t\t\t\t\t<\/div>\n\t\t\t\t<\/div>\n\t\t\t\t<\/div>","protected":false},"excerpt":{"rendered":"<p>Message from the Chief Welcome to the Ventura County Probation Agency. Our mission is rooted in a steadfast commitment to promoting community safety, upholding justice, and fostering personal growth. Our [&hellip;]<\/p>\n","protected":false},"author":7,"featured_media":0,"parent":0,"menu_order":0,"comment_status":"closed","ping_status":"closed","template":"","meta":{"footnotes":""},"class_list":["post-348","page","type-page","status-publish","hentry"],"_links":{"self":[{"href":"https:\/\/probation.venturacounty.gov\/es\/wp-json\/wp\/v2\/pages\/348","targetHints":{"allow":["GET"]}}],"collection":[{"href":"https:\/\/probation.venturacounty.gov\/es\/wp-json\/wp\/v2\/pages"}],"about":[{"href":"https:\/\/probation.venturacounty.gov\/es\/wp-json\/wp\/v2\/types\/page"}],"author":[{"embeddable":true,"href":"https:\/\/probation.venturacounty.gov\/es\/wp-json\/wp\/v2\/users\/7"}],"replies":[{"embeddable":true,"href":"https:\/\/probation.venturacounty.gov\/es\/wp-json\/wp\/v2\/comments?post=348"}],"version-history":[{"count":0,"href":"https:\/\/probation.venturacounty.gov\/es\/wp-json\/wp\/v2\/pages\/348\/revisions"}],"wp:attachment":[{"href":"https:\/\/probation.venturacounty.gov\/es\/wp-json\/wp\/v2\/media?parent=348"}],"curies":[{"name":"gracias","href":"https:\/\/api.w.org\/{rel}","templated":true}]}}