{"id":350,"date":"2024-06-04T15:49:59","date_gmt":"2024-06-04T22:49:59","guid":{"rendered":"https:\/\/probation.venturacounty.gov\/?page_id=350"},"modified":"2025-07-24T11:00:17","modified_gmt":"2025-07-24T18:00:17","slug":"history","status":"publish","type":"page","link":"https:\/\/probation.venturacounty.gov\/es\/history\/","title":{"rendered":"Historia"},"content":{"rendered":"<div data-elementor-type=\"wp-page\" data-elementor-id=\"350\" class=\"elementor elementor-350\" data-elementor-post-type=\"page\">\n\t\t\t\t<div class=\"elementor-element elementor-element-5df1b21 e-flex e-con-boxed e-con e-parent\" data-id=\"5df1b21\" data-element_type=\"container\" data-e-type=\"container\" data-settings=\"{&quot;jet_parallax_layout_list&quot;:[],&quot;background_background&quot;:&quot;classic&quot;}\">\n\t\t\t\t\t<div class=\"e-con-inner\">\n\t\t<div class=\"elementor-element elementor-element-f3cd6ed e-flex e-con-boxed e-con e-child\" data-id=\"f3cd6ed\" data-element_type=\"container\" data-e-type=\"container\" data-settings=\"{&quot;jet_parallax_layout_list&quot;:[]}\">\n\t\t\t\t\t<div class=\"e-con-inner\">\n\t\t<div class=\"elementor-element elementor-element-a518e5d e-con-full e-flex e-con e-child\" data-id=\"a518e5d\" data-element_type=\"container\" data-e-type=\"container\" data-settings=\"{&quot;jet_parallax_layout_list&quot;:[],&quot;animation&quot;:&quot;none&quot;,&quot;animation_delay&quot;:&quot;700&quot;}\">\n\t\t\t\t<div class=\"elementor-element elementor-element-9167e84 elementor-widget elementor-widget-heading\" data-id=\"9167e84\" data-element_type=\"widget\" data-e-type=\"widget\" data-settings=\"{&quot;_animation&quot;:&quot;none&quot;}\" data-widget_type=\"heading.default\">\n\t\t\t\t<div class=\"elementor-widget-container\">\n\t\t\t\t\t<h1 class=\"elementor-heading-title elementor-size-default\">Historia<\/h1>\t\t\t\t<\/div>\n\t\t\t\t<\/div>\n\t\t\t\t<div class=\"elementor-element elementor-element-61fc044 elementor-widget elementor-widget-text-editor\" data-id=\"61fc044\" data-element_type=\"widget\" data-e-type=\"widget\" data-widget_type=\"text-editor.default\">\n\t\t\t\t<div class=\"elementor-widget-container\">\n\t\t\t\t\t\t\t\t\t<p>En 1909, el juez Robert M. Clark del Tribunal Superior del Estado de California, en y para el condado de Ventura, estableci\u00f3 un Comit\u00e9 de Libertad Condicional. El Comit\u00e9 nombr\u00f3 inmediatamente a Thomas W. Spier como Oficial de Libertad Condicional del Condado de Ventura, y prest\u00f3 juramento en su cargo el 9 de abril de 1909. El Sr. Spier, un hombre de negocios que se dedicaba a la compra de frijoles secos, desempe\u00f1\u00f3 sus deberes de libertad condicional en una parte -base de tiempo. Sus responsabilidades inclu\u00edan el manejo de todos los casos de indigentes y otros trabajos que luego ser\u00edan manejados por el \u201cdepartamento de bienestar social\u201d. El Sr. Spier no tuvo una oficina hasta julio de 1913, cuando el \u201cnuevo palacio de justicia\u201d estuvo listo para ser ocupado. El 7 de enero de 1914, el Sr. Spier present\u00f3 su primer informe de libertad condicional.<\/p><p>El 17 de enero de 1927, Clay Claberg fue nombrado oficial de libertad condicional para suceder al Sr. Spier. Tres meses despu\u00e9s, su hermana, Maryan Claberg, fue nombrada oficial adjunta de libertad condicional para ayudar en la investigaci\u00f3n de casos de indigentes dentro del condado de Ventura. El 7 de febrero de 1928, el Departamento de Libertad Condicional y el Departamento de Bienestar Social se convirtieron en entidades separadas por orden de la Junta de Supervisores.<\/p><p>El 1 de abril de 1944, Frank A. Colston comenz\u00f3 su reinado de casi 30 a\u00f1os como director de libertad condicional. El Sr. Colston se gan\u00f3 una reputaci\u00f3n en todo el estado por su enfoque progresista hacia la prevenci\u00f3n de la delincuencia juvenil. Los empleados del departamento admiraban al Sr. Colston por el enfoque paternal que mostraba hacia su personal, haci\u00e9ndolos sentir como si realmente fueran parte de su \u201cfamilia\u201d.<\/p><p>Durante el mandato del Sr. Colston, el Comit\u00e9 de Libertad Condicional continu\u00f3 actuando en calidad de asesor del Tribunal de Menores y del Oficial de Libertad Condicional hasta 1961, momento en el que fue abolido como resultado de la revisi\u00f3n de la Ley del Tribunal de Menores. Posteriormente se cre\u00f3 la Comisi\u00f3n de Justicia Juvenil. Los miembros de la Comisi\u00f3n, que inclu\u00eda no menos de siete ciudadanos por un per\u00edodo de cuatro a\u00f1os, se reun\u00edan mensualmente para recibir informes y hacer recomendaciones relativas a las pol\u00edticas, actividades y programas del departamento.<\/p><p>Tras la jubilaci\u00f3n del Sr. Colston en 1973, el Oficial Fiscal del Departamento de Libertad Condicional, Jack Marron, fue nombrado Director Interino de Libertad Condicional durante una larga b\u00fasqueda prevista del sucesor del Sr. Colston. Bajo el gobierno del Sr. Marron, el Departamento pas\u00f3 a llamarse Agencia de Servicios Correccionales debido al plan propuesto de que todas las instalaciones de custodia de adultos y reclusos adultos pasar\u00edan a ser responsabilidad de la Agencia.<\/p><p>En 1976, William Forden fue nombrado director de libertad condicional luego de un largo per\u00edodo en el Departamento Correccional de California. Durante su mandato, la responsabilidad del Programa de Licencia Laboral fue transferida del Departamento del Sheriff del Condado de Ventura a la Agencia. Sin embargo, los cambios pol\u00edticos en el Condado detuvieron el plan de transferir las restantes instalaciones de custodia de adultos a la Agencia. El jefe Forden fue reconocido por su compromiso con las sanciones intermedias para adultos. Desarroll\u00f3 programas como \u201cProcesamiento Diferido\u201d y Proyecto de Enlace Judicial (Unidad CLP).<\/p><p>En 1992, Frank Woodson sucedi\u00f3 al Sr. Forden como director de libertad condicional. El Sr. Woodson comenz\u00f3 a trabajar en la Agencia en 1976 y se desempe\u00f1\u00f3 como Director Adjunto de Libertad Condicional durante el mandato del Sr. Forden. El Sr. Woodson era conocido por su dedicaci\u00f3n al tratamiento de delincuentes juveniles, su colaboraci\u00f3n con otros departamentos y su deseo de involucrar al personal en las decisiones de la Agencia.<\/p><p>En 1997, tras la jubilaci\u00f3n del Sr. Woodson, Calvin C. Remington fue nombrado director de libertad condicional. El Sr. Remington se desempe\u00f1\u00f3 como Director Adjunto de Libertad Condicional durante el mandato del Sr. Woodson, habiendo comenzado su carrera en la Agencia en 1974. Bajo el mando del Sr. Remington, la Agencia experiment\u00f3 muchos cambios significativos, entre ellos: el cambio de nombre de la Agencia de Servicios Correccionales a Agencia de Libertad Condicional del Condado de Ventura. el 16 de diciembre de 1997; tremendo crecimiento de personal como resultado de la aprobaci\u00f3n de la Proposici\u00f3n 172; financiaci\u00f3n y finalizaci\u00f3n del Complejo de Justicia Juvenil; y el armamento de agentes de libertad condicional seleccionados.<\/p><p>En 2007, la Agencia obtuvo su primera jefa con el nombramiento de Karen J. Staples. Antes de convertirse en jefa, la Sra. Staples trabaj\u00f3 en la Agencia en calidad de supervisora de grupo, oficial adjunta de libertad condicional, oficial adjunta superior de libertad condicional, oficial adjunta supervisora de libertad condicional, oficial fiscal, gerente de divisi\u00f3n y oficial adjunta principal de libertad condicional durante una carrera en el condado que abarca 39 a\u00f1os.<\/p><p>En 2010, el jefe adjunto, Mark Varela, fue nombrado nuevo director\/director adjunto de libertad condicional. El Jefe Varela comenz\u00f3 en la agencia como oficial adjunto de libertad condicional en 1988 y fue ascendiendo de rango, trabajando en asignaciones en Investigaciones de Adultos, Servicios de Campo de Oxnard, Escuela Comunitaria Gateway, Centro Juvenil Colston, Instalaciones Juveniles (Unidades de Detenci\u00f3n y Reclusi\u00f3n), Unidad de Capacitaci\u00f3n del Personal, Servicios de supervisi\u00f3n de menores y servicios de libertad condicional, entre otros. El jefe Varela se jubil\u00f3 en 2023, despu\u00e9s de casi 35 a\u00f1os de servicio.<\/p><p>Tras la jubilaci\u00f3n del jefe Varela en enero de 2023, el director ejecutivo del condado nombr\u00f3 a Gina Johnson como directora interina de libertad condicional. En julio de 2023, la Junta de Supervisores la nombr\u00f3 Jefa. La Jefa Johnson comenz\u00f3 en la Agencia como trabajadora estudiantil en 1990 y luego fue contratada como oficial adjunta de libertad condicional en 1991. Ha trabajado en varias asignaciones que incluyen investigaciones de adultos, supervisi\u00f3n de campo, permisos laborales e instalaciones para menores.<\/p><p>En 2024, tras la salida del Jefe Johnson, la Agencia de Libertad Condicional del Condado de Ventura dio la bienvenida a Ronald Miller, II como Director de Libertad Condicional. El Jefe Miller cuenta con m\u00e1s de 35 a\u00f1os de experiencia en el \u00e1mbito de la libertad condicional, habiendo prestado servicios en los condados de San Bernardino y Riverside. Antes de su nombramiento en el Condado de Ventura, dirigi\u00f3 el Departamento de Libertad Condicional del Condado de Riverside como Director de Libertad Condicional, supervisando a m\u00e1s de 1,000 empleados y servicios para m\u00e1s de 10,000 clientes, tanto adultos como menores. Durante su liderazgo, tambi\u00e9n administr\u00f3 tres centros de detenci\u00f3n juvenil y particip\u00f3 activamente en iniciativas estatales y locales, incluyendo el cargo de Presidente de la Regi\u00f3n Sur de los Directores de Libertad Condicional de California y como miembro fundador de la Fundaci\u00f3n de la Oficina de Educaci\u00f3n del Condado de Riverside. El nombramiento del Jefe Miller marca un nuevo cap\u00edtulo en el compromiso continuo de la Agencia con la innovaci\u00f3n, la rendici\u00f3n de cuentas y la seguridad p\u00fablica.<\/p>\t\t\t\t\t\t\t\t<\/div>\n\t\t\t\t<\/div>\n\t\t\t\t<\/div>\n\t\t<div class=\"elementor-element elementor-element-4d21370 e-con-full e-flex e-con e-child\" data-id=\"4d21370\" data-element_type=\"container\" data-e-type=\"container\" data-settings=\"{&quot;jet_parallax_layout_list&quot;:[],&quot;background_background&quot;:&quot;classic&quot;}\">\n\t\t\t\t<div class=\"elementor-element elementor-element-666529c elementor-nav-menu__align-start elementor-nav-menu--dropdown-tablet elementor-nav-menu__text-align-aside elementor-nav-menu--toggle elementor-nav-menu--burger elementor-widget elementor-widget-nav-menu\" data-id=\"666529c\" data-element_type=\"widget\" data-e-type=\"widget\" data-settings=\"{&quot;layout&quot;:&quot;vertical&quot;,&quot;submenu_icon&quot;:{&quot;value&quot;:&quot;&lt;i class=\\&quot;fas fa-caret-down\\&quot;&gt;&lt;\\\/i&gt;&quot;,&quot;library&quot;:&quot;fa-solid&quot;},&quot;toggle&quot;:&quot;burger&quot;}\" data-widget_type=\"nav-menu.default\">\n\t\t\t\t<div class=\"elementor-widget-container\">\n\t\t\t\t\t\t\t\t<nav aria-label=\"Men\u00fa\" class=\"elementor-nav-menu--main elementor-nav-menu__container elementor-nav-menu--layout-vertical e--pointer-background e--animation-fade\">\n\t\t\t\t<ul id=\"menu-1-666529c\" class=\"elementor-nav-menu sm-vertical\"><li class=\"menu-item menu-item-type-post_type menu-item-object-page menu-item-361\"><a href=\"https:\/\/probation.venturacounty.gov\/es\/message-from-the-chief\/\" class=\"elementor-item\">Mensaje del jefe<\/a><\/li>\n<li class=\"menu-item menu-item-type-post_type menu-item-object-page menu-item-360\"><a href=\"https:\/\/probation.venturacounty.gov\/es\/history\/\" class=\"elementor-item\">Historia<\/a><\/li>\n<li class=\"menu-item menu-item-type-post_type menu-item-object-page menu-item-1159\"><a href=\"https:\/\/probation.venturacounty.gov\/es\/strategic-plan\/\" class=\"elementor-item\">Plan estrat\u00e9gico<\/a><\/li>\n<li class=\"menu-item menu-item-type-post_type menu-item-object-page menu-item-998\"><a href=\"https:\/\/probation.venturacounty.gov\/es\/executive-team\/\" class=\"elementor-item\">Equipo ejecutivo<\/a><\/li>\n<li class=\"menu-item menu-item-type-post_type menu-item-object-page menu-item-1147\"><a href=\"https:\/\/probation.venturacounty.gov\/es\/contactus-main\/\" class=\"elementor-item\">Cont\u00e1ctenos<\/a><\/li>\n<\/ul>\t\t\t<\/nav>\n\t\t\t\t\t<div class=\"elementor-menu-toggle\" role=\"button\" tabindex=\"0\" aria-label=\"Alternar men\u00fa\" aria-expanded=\"false\">\n\t\t\t<i aria-hidden=\"true\" role=\"presentation\" class=\"elementor-menu-toggle__icon--open eicon-menu-bar\"><\/i><i aria-hidden=\"true\" role=\"presentation\" class=\"elementor-menu-toggle__icon--close eicon-close\"><\/i>\t\t<\/div>\n\t\t\t\t\t<nav class=\"elementor-nav-menu--dropdown elementor-nav-menu__container\" aria-hidden=\"true\">\n\t\t\t\t<ul id=\"menu-2-666529c\" class=\"elementor-nav-menu sm-vertical\"><li class=\"menu-item menu-item-type-post_type menu-item-object-page menu-item-361\"><a href=\"https:\/\/probation.venturacounty.gov\/es\/message-from-the-chief\/\" class=\"elementor-item\" tabindex=\"-1\">Mensaje del jefe<\/a><\/li>\n<li class=\"menu-item menu-item-type-post_type menu-item-object-page menu-item-360\"><a href=\"https:\/\/probation.venturacounty.gov\/es\/history\/\" class=\"elementor-item\" tabindex=\"-1\">Historia<\/a><\/li>\n<li class=\"menu-item menu-item-type-post_type menu-item-object-page menu-item-1159\"><a href=\"https:\/\/probation.venturacounty.gov\/es\/strategic-plan\/\" class=\"elementor-item\" tabindex=\"-1\">Plan estrat\u00e9gico<\/a><\/li>\n<li class=\"menu-item menu-item-type-post_type menu-item-object-page menu-item-998\"><a href=\"https:\/\/probation.venturacounty.gov\/es\/executive-team\/\" class=\"elementor-item\" tabindex=\"-1\">Equipo ejecutivo<\/a><\/li>\n<li class=\"menu-item menu-item-type-post_type menu-item-object-page menu-item-1147\"><a href=\"https:\/\/probation.venturacounty.gov\/es\/contactus-main\/\" class=\"elementor-item\" tabindex=\"-1\">Cont\u00e1ctenos<\/a><\/li>\n<\/ul>\t\t\t<\/nav>\n\t\t\t\t\t\t<\/div>\n\t\t\t\t<\/div>\n\t\t\t\t<\/div>\n\t\t\t\t\t<\/div>\n\t\t\t\t<\/div>\n\t\t\t\t\t<\/div>\n\t\t\t\t<\/div>\n\t\t\t\t<\/div>","protected":false},"excerpt":{"rendered":"<p>History In 1909, Judge Robert M. Clark of the Superior Court of the State of California, in and for the County of Ventura, established a Probation Committee. The Committee immediately [&hellip;]<\/p>\n","protected":false},"author":7,"featured_media":0,"parent":0,"menu_order":0,"comment_status":"closed","ping_status":"closed","template":"","meta":{"footnotes":""},"class_list":["post-350","page","type-page","status-publish","hentry"],"_links":{"self":[{"href":"https:\/\/probation.venturacounty.gov\/es\/wp-json\/wp\/v2\/pages\/350","targetHints":{"allow":["GET"]}}],"collection":[{"href":"https:\/\/probation.venturacounty.gov\/es\/wp-json\/wp\/v2\/pages"}],"about":[{"href":"https:\/\/probation.venturacounty.gov\/es\/wp-json\/wp\/v2\/types\/page"}],"author":[{"embeddable":true,"href":"https:\/\/probation.venturacounty.gov\/es\/wp-json\/wp\/v2\/users\/7"}],"replies":[{"embeddable":true,"href":"https:\/\/probation.venturacounty.gov\/es\/wp-json\/wp\/v2\/comments?post=350"}],"version-history":[{"count":0,"href":"https:\/\/probation.venturacounty.gov\/es\/wp-json\/wp\/v2\/pages\/350\/revisions"}],"wp:attachment":[{"href":"https:\/\/probation.venturacounty.gov\/es\/wp-json\/wp\/v2\/media?parent=350"}],"curies":[{"name":"gracias","href":"https:\/\/api.w.org\/{rel}","templated":true}]}}